{"id":35,"date":"2015-01-16T17:31:23","date_gmt":"2015-01-16T17:31:23","guid":{"rendered":"http:\/\/blog.languagesmatter.com\/en\/?page_id=35"},"modified":"2020-11-06T18:29:43","modified_gmt":"2020-11-06T18:29:43","slug":"worum-geht-es-hier","status":"publish","type":"page","link":"https:\/\/ilestranslation.com\/de\/worum-geht-es-hier\/","title":{"rendered":"Worum geht es hier?"},"content":{"rendered":"\t\t<div data-elementor-type=\"wp-page\" data-elementor-id=\"35\" class=\"elementor elementor-35\" data-elementor-post-type=\"page\">\n\t\t\t\t\t\t<section class=\"elementor-section elementor-top-section elementor-element elementor-element-80346e3 elementor-section-boxed elementor-section-height-default elementor-section-height-default\" data-id=\"80346e3\" data-element_type=\"section\" data-e-type=\"section\">\n\t\t\t\t\t\t<div class=\"elementor-container elementor-column-gap-default\">\n\t\t\t\t\t<div class=\"elementor-column elementor-col-100 elementor-top-column elementor-element elementor-element-905bdcc\" data-id=\"905bdcc\" data-element_type=\"column\" data-e-type=\"column\">\n\t\t\t<div class=\"elementor-widget-wrap elementor-element-populated\">\n\t\t\t\t\t\t<section class=\"elementor-section elementor-inner-section elementor-element elementor-element-dab5139 elementor-section-boxed elementor-section-height-default elementor-section-height-default\" data-id=\"dab5139\" data-element_type=\"section\" data-e-type=\"section\">\n\t\t\t\t\t\t<div class=\"elementor-container elementor-column-gap-default\">\n\t\t\t\t\t<div class=\"elementor-column elementor-col-50 elementor-inner-column elementor-element elementor-element-4cb1120\" data-id=\"4cb1120\" data-element_type=\"column\" data-e-type=\"column\">\n\t\t\t<div class=\"elementor-widget-wrap elementor-element-populated\">\n\t\t\t\t\t\t<div class=\"elementor-element elementor-element-41769ba elementor-widget elementor-widget-image\" data-id=\"41769ba\" data-element_type=\"widget\" data-e-type=\"widget\" data-widget_type=\"image.default\">\n\t\t\t\t<div class=\"elementor-widget-container\">\n\t\t\t\t\t\t\t\t\t\t\t\t\t\t\t<img decoding=\"async\" src=\"https:\/\/ilestranslation.com\/wp-content\/uploads\/2020\/10\/owl-50267_1280-eye-left.jpg\" title=\"\" alt=\"\" loading=\"lazy\" \/>\t\t\t\t\t\t\t\t\t\t\t\t\t\t\t<\/div>\n\t\t\t\t<\/div>\n\t\t\t\t\t<\/div>\n\t\t<\/div>\n\t\t\t\t<div class=\"elementor-column elementor-col-50 elementor-inner-column elementor-element elementor-element-b958216\" data-id=\"b958216\" data-element_type=\"column\" data-e-type=\"column\">\n\t\t\t<div class=\"elementor-widget-wrap elementor-element-populated\">\n\t\t\t\t\t\t<div class=\"elementor-element elementor-element-c337427 elementor-widget elementor-widget-text-editor\" data-id=\"c337427\" data-element_type=\"widget\" data-e-type=\"widget\" data-widget_type=\"text-editor.default\">\n\t\t\t\t<div class=\"elementor-widget-container\">\n\t\t\t\t\t\t\t\t\t<p><strong><em>Warum dieser Blog?<\/em><\/strong><\/p><p>Gibt es\u00a0<strong><em>nicht genug<\/em><\/strong>\u00a0Material, Webseiten und B\u00fccher \u00fcber das Lernen von Sprachen?<\/p>\t\t\t\t\t\t\t\t<\/div>\n\t\t\t\t<\/div>\n\t\t\t\t\t<\/div>\n\t\t<\/div>\n\t\t\t\t\t<\/div>\n\t\t<\/section>\n\t\t\t\t<section class=\"elementor-section elementor-inner-section elementor-element elementor-element-04fbdaf elementor-section-boxed elementor-section-height-default elementor-section-height-default\" data-id=\"04fbdaf\" data-element_type=\"section\" data-e-type=\"section\">\n\t\t\t\t\t\t<div class=\"elementor-container elementor-column-gap-default\">\n\t\t\t\t\t<div class=\"elementor-column elementor-col-50 elementor-inner-column elementor-element elementor-element-63d75b4\" data-id=\"63d75b4\" data-element_type=\"column\" data-e-type=\"column\">\n\t\t\t<div class=\"elementor-widget-wrap elementor-element-populated\">\n\t\t\t\t\t\t<div class=\"elementor-element elementor-element-d8b2337 elementor-widget elementor-widget-text-editor\" data-id=\"d8b2337\" data-element_type=\"widget\" data-e-type=\"widget\" data-widget_type=\"text-editor.default\">\n\t\t\t\t<div class=\"elementor-widget-container\">\n\t\t\t\t\t\t\t\t\t<p style=\"text-align: right;\">Nun, vielleicht. Wir haben aber mehrere Gr\u00fcnde, dieses Projekt hier zu starten:<\/p>\t\t\t\t\t\t\t\t<\/div>\n\t\t\t\t<\/div>\n\t\t\t\t\t<\/div>\n\t\t<\/div>\n\t\t\t\t<div class=\"elementor-column elementor-col-50 elementor-inner-column elementor-element elementor-element-92bafe5\" data-id=\"92bafe5\" data-element_type=\"column\" data-e-type=\"column\">\n\t\t\t<div class=\"elementor-widget-wrap elementor-element-populated\">\n\t\t\t\t\t\t<div class=\"elementor-element elementor-element-705cbe7 elementor-widget elementor-widget-image\" data-id=\"705cbe7\" data-element_type=\"widget\" data-e-type=\"widget\" data-widget_type=\"image.default\">\n\t\t\t\t<div class=\"elementor-widget-container\">\n\t\t\t\t\t\t\t\t\t\t\t\t\t\t\t<img decoding=\"async\" src=\"https:\/\/ilestranslation.com\/wp-content\/uploads\/2020\/10\/owl-50267_1280-eye-right.jpg\" title=\"\" alt=\"\" loading=\"lazy\" \/>\t\t\t\t\t\t\t\t\t\t\t\t\t\t\t<\/div>\n\t\t\t\t<\/div>\n\t\t\t\t\t<\/div>\n\t\t<\/div>\n\t\t\t\t\t<\/div>\n\t\t<\/section>\n\t\t\t\t<section class=\"elementor-section elementor-inner-section elementor-element elementor-element-6ecf691 elementor-section-boxed elementor-section-height-default elementor-section-height-default\" data-id=\"6ecf691\" data-element_type=\"section\" data-e-type=\"section\">\n\t\t\t\t\t\t<div class=\"elementor-container elementor-column-gap-default\">\n\t\t\t\t\t<div class=\"elementor-column elementor-col-50 elementor-inner-column elementor-element elementor-element-50a2749\" data-id=\"50a2749\" data-element_type=\"column\" data-e-type=\"column\">\n\t\t\t<div class=\"elementor-widget-wrap elementor-element-populated\">\n\t\t\t\t\t\t<div class=\"elementor-element elementor-element-8ea5916 elementor-widget elementor-widget-text-editor\" data-id=\"8ea5916\" data-element_type=\"widget\" data-e-type=\"widget\" data-widget_type=\"text-editor.default\">\n\t\t\t\t<div class=\"elementor-widget-container\">\n\t\t\t\t\t\t\t\t\t<p style=\"text-align: left;\">Wir\u00a0<strong><em>leben im Ausland<\/em><\/strong>\u00a0und viele unserer Freunde auch. Wir lieben es, die\u00a0<strong><em>lokale Sprache zu lernen<\/em><\/strong>\u00a0und hier\u00a0<strong><em>vor Ort eingebunden<\/em><\/strong>\u00a0zu sein &#8211; und nicht in irgendeinem Ausl\u00e4nderghetto zu leben. Wir alle haben ziemlich viel\u00a0<strong><em>Erfahrung<\/em><\/strong>\u00a0und m\u00f6chte die gerne teilen.<\/p>\t\t\t\t\t\t\t\t<\/div>\n\t\t\t\t<\/div>\n\t\t\t\t\t<\/div>\n\t\t<\/div>\n\t\t\t\t<div class=\"elementor-column elementor-col-50 elementor-inner-column elementor-element elementor-element-a7f8f0f\" data-id=\"a7f8f0f\" data-element_type=\"column\" data-e-type=\"column\">\n\t\t\t<div class=\"elementor-widget-wrap\">\n\t\t\t\t\t\t\t<\/div>\n\t\t<\/div>\n\t\t\t\t\t<\/div>\n\t\t<\/section>\n\t\t\t\t<div class=\"elementor-element elementor-element-fd2f47a elementor-widget elementor-widget-image\" data-id=\"fd2f47a\" data-element_type=\"widget\" data-e-type=\"widget\" data-widget_type=\"image.default\">\n\t\t\t\t<div class=\"elementor-widget-container\">\n\t\t\t\t\t\t\t\t\t\t\t\t\t\t\t<img decoding=\"async\" src=\"https:\/\/ilestranslation.com\/wp-content\/uploads\/2020\/10\/owl-50267_1280-eye-both.jpeg\" title=\"\" alt=\"\" loading=\"lazy\" \/>\t\t\t\t\t\t\t\t\t\t\t\t\t\t\t<\/div>\n\t\t\t\t<\/div>\n\t\t\t\t<section class=\"elementor-section elementor-inner-section elementor-element elementor-element-9dc8f98 elementor-section-boxed elementor-section-height-default elementor-section-height-default\" data-id=\"9dc8f98\" data-element_type=\"section\" data-e-type=\"section\">\n\t\t\t\t\t\t<div class=\"elementor-container elementor-column-gap-default\">\n\t\t\t\t\t<div class=\"elementor-column elementor-col-50 elementor-inner-column elementor-element elementor-element-12f1dce\" data-id=\"12f1dce\" data-element_type=\"column\" data-e-type=\"column\">\n\t\t\t<div class=\"elementor-widget-wrap elementor-element-populated\">\n\t\t\t\t\t\t<div class=\"elementor-element elementor-element-f06954f elementor-widget elementor-widget-text-editor\" data-id=\"f06954f\" data-element_type=\"widget\" data-e-type=\"widget\" data-widget_type=\"text-editor.default\">\n\t\t\t\t<div class=\"elementor-widget-container\">\n\t\t\t\t\t\t\t\t\t<p>Und wir h\u00e4tten gerne\u00a0<strong><em>Feedback<\/em><\/strong>\u00a0zum Projekt und w\u00fcrden gerne auch von euch lernen, nicht nur \u00fcber Sprache, auch \u00fcber Kultur.<\/p>\t\t\t\t\t\t\t\t<\/div>\n\t\t\t\t<\/div>\n\t\t\t\t\t<\/div>\n\t\t<\/div>\n\t\t\t\t<div class=\"elementor-column elementor-col-50 elementor-inner-column elementor-element elementor-element-083cedd\" data-id=\"083cedd\" data-element_type=\"column\" data-e-type=\"column\">\n\t\t\t<div class=\"elementor-widget-wrap elementor-element-populated\">\n\t\t\t\t\t\t<div class=\"elementor-element elementor-element-9db2fac elementor-widget elementor-widget-text-editor\" data-id=\"9db2fac\" data-element_type=\"widget\" data-e-type=\"widget\" data-widget_type=\"text-editor.default\">\n\t\t\t\t<div class=\"elementor-widget-container\">\n\t\t\t\t\t\t\t\t\t<p>Oft hilft es ja, Gedanken runterzuschreiben, um sie selber besser zu verstehen. Das ist es, was wir hier machen.<\/p>\t\t\t\t\t\t\t\t<\/div>\n\t\t\t\t<\/div>\n\t\t\t\t\t<\/div>\n\t\t<\/div>\n\t\t\t\t\t<\/div>\n\t\t<\/section>\n\t\t\t\t<div class=\"elementor-element elementor-element-a566966 elementor-widget elementor-widget-text-editor\" data-id=\"a566966\" data-element_type=\"widget\" data-e-type=\"widget\" data-widget_type=\"text-editor.default\">\n\t\t\t\t<div class=\"elementor-widget-container\">\n\t\t\t\t\t\t\t\t\t<p style=\"text-align: center;\"><em>Ulrike, Chris und Arne<\/em><\/p>\t\t\t\t\t\t\t\t<\/div>\n\t\t\t\t<\/div>\n\t\t\t\t<div class=\"elementor-element elementor-element-2e5e6c2 elementor-align-center elementor-widget elementor-widget-button\" data-id=\"2e5e6c2\" data-element_type=\"widget\" data-e-type=\"widget\" data-widget_type=\"button.default\">\n\t\t\t\t<div class=\"elementor-widget-container\">\n\t\t\t\t\t\t\t\t\t<div class=\"elementor-button-wrapper\">\n\t\t\t\t\t<a class=\"elementor-button elementor-button-link elementor-size-sm\" href=\"https:\/\/ilestranslation.com\/de\/kontakt\/\">\n\t\t\t\t\t\t<span class=\"elementor-button-content-wrapper\">\n\t\t\t\t\t\t\t\t\t<span class=\"elementor-button-text\">Gib uns R\u00fcckmeldung<\/span>\n\t\t\t\t\t<\/span>\n\t\t\t\t\t<\/a>\n\t\t\t\t<\/div>\n\t\t\t\t\t\t\t\t<\/div>\n\t\t\t\t<\/div>\n\t\t\t\t\t<\/div>\n\t\t<\/div>\n\t\t\t\t\t<\/div>\n\t\t<\/section>\n\t\t\t\t<\/div>\n\t\t","protected":false},"excerpt":{"rendered":"<p>Warum dieser Blog? Gibt es\u00a0nicht genug\u00a0Material, Webseiten und B\u00fccher \u00fcber das Lernen von Sprachen? Nun, vielleicht. Wir haben aber mehrere Gr\u00fcnde, dieses Projekt hier zu starten: Wir\u00a0leben im Ausland\u00a0und viele unserer Freunde auch. Wir lieben es, die\u00a0lokale Sprache zu lernen\u00a0und hier\u00a0vor Ort eingebunden\u00a0zu sein &#8211; und nicht in irgendeinem Ausl\u00e4nderghetto zu leben. Wir alle haben&hellip;<\/p>\n","protected":false},"author":2,"featured_media":372,"parent":0,"menu_order":0,"comment_status":"closed","ping_status":"closed","template":"","meta":{"footnotes":""},"class_list":["post-35","page","type-page","status-publish","has-post-thumbnail","hentry"],"yoast_head":"<!-- This site is optimized with the Yoast SEO plugin v27.5 - https:\/\/yoast.com\/product\/yoast-seo-wordpress\/ -->\n<title>Worum geht es hier? - il\u00e8s \u00dcbersetzung<\/title>\n<meta name=\"robots\" content=\"index, follow, max-snippet:-1, max-image-preview:large, max-video-preview:-1\" \/>\n<link rel=\"canonical\" href=\"https:\/\/ilestranslation.com\/de\/worum-geht-es-hier\/\" \/>\n<meta property=\"og:locale\" content=\"de_DE\" \/>\n<meta property=\"og:type\" content=\"article\" \/>\n<meta property=\"og:title\" content=\"Worum geht es hier? - il\u00e8s \u00dcbersetzung\" \/>\n<meta property=\"og:description\" content=\"Warum dieser Blog? Gibt es\u00a0nicht genug\u00a0Material, Webseiten und B\u00fccher \u00fcber das Lernen von Sprachen? Nun, vielleicht. Wir haben aber mehrere Gr\u00fcnde, dieses Projekt hier zu starten: Wir\u00a0leben im Ausland\u00a0und viele unserer Freunde auch. Wir lieben es, die\u00a0lokale Sprache zu lernen\u00a0und hier\u00a0vor Ort eingebunden\u00a0zu sein &#8211; und nicht in irgendeinem Ausl\u00e4nderghetto zu leben. Wir alle haben&hellip;\" \/>\n<meta property=\"og:url\" content=\"https:\/\/ilestranslation.com\/de\/worum-geht-es-hier\/\" \/>\n<meta property=\"og:site_name\" content=\"il\u00e8s \u00dcbersetzung\" \/>\n<meta property=\"article:publisher\" content=\"https:\/\/web.facebook.com\/ilestunis\/\" \/>\n<meta property=\"article:modified_time\" content=\"2020-11-06T18:29:43+00:00\" \/>\n<meta name=\"twitter:card\" content=\"summary_large_image\" \/>\n<meta name=\"twitter:label1\" content=\"Gesch\u00e4tzte Lesezeit\" \/>\n\t<meta name=\"twitter:data1\" content=\"1\u00a0Minute\" \/>\n<script type=\"application\/ld+json\" class=\"yoast-schema-graph\">{\"@context\":\"https:\\\/\\\/schema.org\",\"@graph\":[{\"@type\":\"WebPage\",\"@id\":\"https:\\\/\\\/ilestranslation.com\\\/de\\\/worum-geht-es-hier\\\/\",\"url\":\"https:\\\/\\\/ilestranslation.com\\\/de\\\/worum-geht-es-hier\\\/\",\"name\":\"Worum geht es hier? - il\u00e8s \u00dcbersetzung\",\"isPartOf\":{\"@id\":\"https:\\\/\\\/ilestranslation.com\\\/de\\\/#website\"},\"primaryImageOfPage\":{\"@id\":\"https:\\\/\\\/ilestranslation.com\\\/de\\\/worum-geht-es-hier\\\/#primaryimage\"},\"image\":{\"@id\":\"https:\\\/\\\/ilestranslation.com\\\/de\\\/worum-geht-es-hier\\\/#primaryimage\"},\"thumbnailUrl\":\"\",\"datePublished\":\"2015-01-16T17:31:23+00:00\",\"dateModified\":\"2020-11-06T18:29:43+00:00\",\"breadcrumb\":{\"@id\":\"https:\\\/\\\/ilestranslation.com\\\/de\\\/worum-geht-es-hier\\\/#breadcrumb\"},\"inLanguage\":\"de\",\"potentialAction\":[{\"@type\":\"ReadAction\",\"target\":[\"https:\\\/\\\/ilestranslation.com\\\/de\\\/worum-geht-es-hier\\\/\"]}]},{\"@type\":\"ImageObject\",\"inLanguage\":\"de\",\"@id\":\"https:\\\/\\\/ilestranslation.com\\\/de\\\/worum-geht-es-hier\\\/#primaryimage\",\"url\":\"\",\"contentUrl\":\"\"},{\"@type\":\"BreadcrumbList\",\"@id\":\"https:\\\/\\\/ilestranslation.com\\\/de\\\/worum-geht-es-hier\\\/#breadcrumb\",\"itemListElement\":[{\"@type\":\"ListItem\",\"position\":1,\"name\":\"Startseite\",\"item\":\"https:\\\/\\\/ilestranslation.com\\\/de\\\/\"},{\"@type\":\"ListItem\",\"position\":2,\"name\":\"Worum geht es hier?\"}]},{\"@type\":\"WebSite\",\"@id\":\"https:\\\/\\\/ilestranslation.com\\\/de\\\/#website\",\"url\":\"https:\\\/\\\/ilestranslation.com\\\/de\\\/\",\"name\":\"il\u00e8s Tunis (deutsch)\",\"description\":\"\",\"publisher\":{\"@id\":\"https:\\\/\\\/ilestranslation.com\\\/de\\\/#organization\"},\"potentialAction\":[{\"@type\":\"SearchAction\",\"target\":{\"@type\":\"EntryPoint\",\"urlTemplate\":\"https:\\\/\\\/ilestranslation.com\\\/de\\\/?s={search_term_string}\"},\"query-input\":{\"@type\":\"PropertyValueSpecification\",\"valueRequired\":true,\"valueName\":\"search_term_string\"}}],\"inLanguage\":\"de\"},{\"@type\":\"Organization\",\"@id\":\"https:\\\/\\\/ilestranslation.com\\\/de\\\/#organization\",\"name\":\"il\u00e8s Tunis\",\"url\":\"https:\\\/\\\/ilestranslation.com\\\/de\\\/\",\"logo\":{\"@type\":\"ImageObject\",\"inLanguage\":\"de\",\"@id\":\"https:\\\/\\\/ilestranslation.com\\\/de\\\/#\\\/schema\\\/logo\\\/image\\\/\",\"url\":\"https:\\\/\\\/ilestranslation.com\\\/de\\\/wp-content\\\/uploads\\\/sites\\\/6\\\/2018\\\/11\\\/Iles-I-100x34.jpg\",\"contentUrl\":\"https:\\\/\\\/ilestranslation.com\\\/de\\\/wp-content\\\/uploads\\\/sites\\\/6\\\/2018\\\/11\\\/Iles-I-100x34.jpg\",\"width\":101,\"height\":34,\"caption\":\"il\u00e8s Tunis\"},\"image\":{\"@id\":\"https:\\\/\\\/ilestranslation.com\\\/de\\\/#\\\/schema\\\/logo\\\/image\\\/\"},\"sameAs\":[\"https:\\\/\\\/web.facebook.com\\\/ilestunis\\\/\",\"https:\\\/\\\/www.linkedin.com\\\/company\\\/ilestunis\\\/\"]}]}<\/script>\n<!-- \/ Yoast SEO plugin. -->","yoast_head_json":{"title":"Worum geht es hier? - il\u00e8s \u00dcbersetzung","robots":{"index":"index","follow":"follow","max-snippet":"max-snippet:-1","max-image-preview":"max-image-preview:large","max-video-preview":"max-video-preview:-1"},"canonical":"https:\/\/ilestranslation.com\/de\/worum-geht-es-hier\/","og_locale":"de_DE","og_type":"article","og_title":"Worum geht es hier? - il\u00e8s \u00dcbersetzung","og_description":"Warum dieser Blog? Gibt es\u00a0nicht genug\u00a0Material, Webseiten und B\u00fccher \u00fcber das Lernen von Sprachen? Nun, vielleicht. Wir haben aber mehrere Gr\u00fcnde, dieses Projekt hier zu starten: Wir\u00a0leben im Ausland\u00a0und viele unserer Freunde auch. Wir lieben es, die\u00a0lokale Sprache zu lernen\u00a0und hier\u00a0vor Ort eingebunden\u00a0zu sein &#8211; und nicht in irgendeinem Ausl\u00e4nderghetto zu leben. Wir alle haben&hellip;","og_url":"https:\/\/ilestranslation.com\/de\/worum-geht-es-hier\/","og_site_name":"il\u00e8s \u00dcbersetzung","article_publisher":"https:\/\/web.facebook.com\/ilestunis\/","article_modified_time":"2020-11-06T18:29:43+00:00","twitter_card":"summary_large_image","twitter_misc":{"Gesch\u00e4tzte Lesezeit":"1\u00a0Minute"},"schema":{"@context":"https:\/\/schema.org","@graph":[{"@type":"WebPage","@id":"https:\/\/ilestranslation.com\/de\/worum-geht-es-hier\/","url":"https:\/\/ilestranslation.com\/de\/worum-geht-es-hier\/","name":"Worum geht es hier? - il\u00e8s \u00dcbersetzung","isPartOf":{"@id":"https:\/\/ilestranslation.com\/de\/#website"},"primaryImageOfPage":{"@id":"https:\/\/ilestranslation.com\/de\/worum-geht-es-hier\/#primaryimage"},"image":{"@id":"https:\/\/ilestranslation.com\/de\/worum-geht-es-hier\/#primaryimage"},"thumbnailUrl":"","datePublished":"2015-01-16T17:31:23+00:00","dateModified":"2020-11-06T18:29:43+00:00","breadcrumb":{"@id":"https:\/\/ilestranslation.com\/de\/worum-geht-es-hier\/#breadcrumb"},"inLanguage":"de","potentialAction":[{"@type":"ReadAction","target":["https:\/\/ilestranslation.com\/de\/worum-geht-es-hier\/"]}]},{"@type":"ImageObject","inLanguage":"de","@id":"https:\/\/ilestranslation.com\/de\/worum-geht-es-hier\/#primaryimage","url":"","contentUrl":""},{"@type":"BreadcrumbList","@id":"https:\/\/ilestranslation.com\/de\/worum-geht-es-hier\/#breadcrumb","itemListElement":[{"@type":"ListItem","position":1,"name":"Startseite","item":"https:\/\/ilestranslation.com\/de\/"},{"@type":"ListItem","position":2,"name":"Worum geht es hier?"}]},{"@type":"WebSite","@id":"https:\/\/ilestranslation.com\/de\/#website","url":"https:\/\/ilestranslation.com\/de\/","name":"il\u00e8s Tunis (deutsch)","description":"","publisher":{"@id":"https:\/\/ilestranslation.com\/de\/#organization"},"potentialAction":[{"@type":"SearchAction","target":{"@type":"EntryPoint","urlTemplate":"https:\/\/ilestranslation.com\/de\/?s={search_term_string}"},"query-input":{"@type":"PropertyValueSpecification","valueRequired":true,"valueName":"search_term_string"}}],"inLanguage":"de"},{"@type":"Organization","@id":"https:\/\/ilestranslation.com\/de\/#organization","name":"il\u00e8s Tunis","url":"https:\/\/ilestranslation.com\/de\/","logo":{"@type":"ImageObject","inLanguage":"de","@id":"https:\/\/ilestranslation.com\/de\/#\/schema\/logo\/image\/","url":"https:\/\/ilestranslation.com\/de\/wp-content\/uploads\/sites\/6\/2018\/11\/Iles-I-100x34.jpg","contentUrl":"https:\/\/ilestranslation.com\/de\/wp-content\/uploads\/sites\/6\/2018\/11\/Iles-I-100x34.jpg","width":101,"height":34,"caption":"il\u00e8s Tunis"},"image":{"@id":"https:\/\/ilestranslation.com\/de\/#\/schema\/logo\/image\/"},"sameAs":["https:\/\/web.facebook.com\/ilestunis\/","https:\/\/www.linkedin.com\/company\/ilestunis\/"]}]}},"_links":{"self":[{"href":"https:\/\/ilestranslation.com\/de\/wp-json\/wp\/v2\/pages\/35","targetHints":{"allow":["GET"]}}],"collection":[{"href":"https:\/\/ilestranslation.com\/de\/wp-json\/wp\/v2\/pages"}],"about":[{"href":"https:\/\/ilestranslation.com\/de\/wp-json\/wp\/v2\/types\/page"}],"author":[{"embeddable":true,"href":"https:\/\/ilestranslation.com\/de\/wp-json\/wp\/v2\/users\/2"}],"replies":[{"embeddable":true,"href":"https:\/\/ilestranslation.com\/de\/wp-json\/wp\/v2\/comments?post=35"}],"version-history":[{"count":10,"href":"https:\/\/ilestranslation.com\/de\/wp-json\/wp\/v2\/pages\/35\/revisions"}],"predecessor-version":[{"id":3445,"href":"https:\/\/ilestranslation.com\/de\/wp-json\/wp\/v2\/pages\/35\/revisions\/3445"}],"wp:featuredmedia":[{"embeddable":true,"href":"https:\/\/ilestranslation.com\/de\/wp-json\/"}],"wp:attachment":[{"href":"https:\/\/ilestranslation.com\/de\/wp-json\/wp\/v2\/media?parent=35"}],"curies":[{"name":"wp","href":"https:\/\/api.w.org\/{rel}","templated":true}]}}