{"id":2608,"date":"2018-12-20T11:58:55","date_gmt":"2018-12-20T11:58:55","guid":{"rendered":"https:\/\/ilestranslation.com\/en\/?page_id=2608"},"modified":"2020-03-05T11:21:38","modified_gmt":"2020-03-05T11:21:38","slug":"politique-de-confidentialite","status":"publish","type":"page","link":"https:\/\/ilestranslation.com\/fr\/politique-de-confidentialite\/","title":{"rendered":"Politique de confidentialit\u00e9"},"content":{"rendered":"\n<p>Introduction<br>ILES Tunis SARL (adresse site web: www.ilestranslation.com) vous remercie pour votre confiance. Nous sommes une soci\u00e9t\u00e9 bas\u00e9e \u00e0 Tunis. Veuillez consulter notre politique de confidentialit\u00e9 et approuver les deux documents afin de pouvoir utiliser nos services.<\/p>\n\n\n\n<p>ILES Tunis SARL<br>Num\u00e9ro de d\u00e9claration d&rsquo;imp\u00f4t : 1305918P\/A\/M\/000<br>Registre de commerce: B01130942013<br>Directeur \u00e9ditorial: Dr. Arne Kirchner<br>4, rue d&rsquo;Alg\u00e9rie<br>(\u00e0 c\u00f4t\u00e9 de la place Barcelone)<br>1002, Tunis, Tunisie<\/p>\n\n\n\n<p>Site web: www.ilestranslation.com<\/p>\n\n\n\n<p>1. Commentaires et formulaire de contact<br>Quand vous laissez un commentaire sur notre site web, nous collectons les donn\u00e9es affich\u00e9es sur le formulaire d\u00e9stin\u00e9 aux commentaires ainsi que l&rsquo;adresse IP et la chaine User-agent du navigateur afin de d\u00e9tecter les spams.<br>Les donn\u00e9es re\u00e7ues sont conserv\u00e9es uniquement pour des fins relatives au service client et ne seront jamais utilis\u00e9es pour des fins de marketing ou partga\u00e9es avec des tiers.<\/p>\n\n\n\n<p>2. Google Analytics\/ outils d&rsquo;analyse de Google<br>Nous utilisons Google Analytics sur notre site pour un rapport anonyme d&rsquo;utilisation du site. Par cons\u00e9quent, aucune donn\u00e9e personnelle n&rsquo;est enregistr\u00e9e. Si vous voulez vous d\u00e9sinscrire de Google Analytics qui permet de suivre vos mouvements, veuillez cliquer sur ce lien: se d\u00e9sinscrire de Google Analytics.<\/p>\n\n\n\n<p>Cas d&rsquo;utilisation des donn\u00e9es personnelles.<br>Nous utilisons vos donn\u00e9es personnelles dans les cas suivants:<br>V\u00e9rification\/identification d&rsquo;utilisateur pendant son utlilisation du site web<br>Fournir une assistance technique<br>Envoyer les mises \u00e0 jour ainsi que les informations importantes \u00e0 nos utilisateurs pour les informer des actualit\u00e9s\/ changements.<br>Suivre les activit\u00e9s des comptes afin d&rsquo;\u00e9viter les transactions frauduleuses et assurer la s\u00e9curit\u00e9 des donn\u00e9es personnelles de nos clients<\/p>\n\n\n\n<p>Personnaliser le site web afin de garantir une exp\u00e9rience plus personnelle et engageante.<br>Garantir une performance globale et veiller au bon fonctionnement des fonctions administratives.<\/p>\n\n\n\n<p>3. Contenu int\u00e9gr\u00e9<br>Il se peut que les pages sur ce site aient du contenu int\u00e9gr\u00e9 comme des vid\u00e9os YouTube. Le contenu int\u00e9gr\u00e9 depuis d&rsquo;autres sites se comporte de la m\u00eame mani\u00e8re que sur leur site d&rsquo;origine.<br>Ces sites web peuvent collecter vos donn\u00e9es, utilser les cookies, int\u00e9grer un suivi de tierce partie et contr\u00f4ler votre interaction avec le contenu int\u00e9gr\u00e9, y compris le suivi de votre interaction avec ce contenu int\u00e9gr\u00e9 si vous poss\u00e9dez un compte et vous \u00eates connect\u00e9 sur le site. Vous trouverez ci-dessous une liste de services qu&rsquo;on utilise: <\/p>\n\n\n\n<p>Youtube<br>Nous utilisons les vid\u00e9os Youtube int\u00e9gr\u00e9es sur notre site. Youtube poss\u00e9de ses propres cookies et d\u00e9claration de confidentialit\u00e9 sur lesquels nous n&rsquo;avons aucun contr\u00f4le. Les cookies ne sont install\u00e9es et votre IP n&rsquo;est envoy\u00e9 au serveur de Youtube que lorsque vous y consentez. Veuillez consulter leur d\u00e9claration de confidentialit\u00e9 ici: D\u00e9claration de confidentialit\u00e9 Youtube.<\/p>\n\n\n\n<p>4. Cookies<br>Le site utilise des cookies- des petits fichiers textes- qui sont stock\u00e9s sur votre machine afin de garantir une meilleure exp\u00e9rience. En g\u00e9n\u00e9ral, les cookies sont utilis\u00e9es afin de sauvegarder les pr\u00e9f\u00e9rences des utilisateurs, enregistrer les informations relatives aux cartes de shopping, et fournir un suivi anonyme pour les applications de tierces parties comme Google Analytics. En g\u00e9n\u00e9ral, les cookies existent pour am\u00e9liorer votre navigation. Cependant, il se peut que vous pr\u00e9f\u00e9riez d\u00e9sactiver les cookies sur ce site et sur d&rsquo;autres \u00e9galement. La m\u00e9thode la plus efficace pour effectuer cela est de d\u00e9sactiver les cookies sur votre navigateur. Nous vous sugg\u00e9rons de consulter la section &lsquo;Aide&rsquo; sur votre navigateur.<\/p>\n\n\n\n<p>5. Qui peut acc\u00e9der \u00e0 vos informations:<br>Si vous n&rsquo;\u00eates pas inscrit sur notre site, aucune donn\u00e9e personnelle ne peut etre conserv\u00e9e.<br>Si vous \u00eates un client poss\u00e9dant un compte, les personnes suivantes peuvent acc\u00e9der \u00e0 vos donn\u00e9es:<br>Nos administrateurs de syst\u00e8me<br>Nos collaborateurs, quand ils (afin de fournir du support) ont besoin d&rsquo;information sur les comptes des clients.<\/p>\n\n\n\n<p>6. L&rsquo;acc\u00e8s d&rsquo;une tierce partie <br>Nous ne partageons vos donn\u00e9es avec les tierces parties de mani\u00e8re \u00e0 d\u00e9voiler vos coordonn\u00e9es personnelles comme l&#8217;email, le nom; etc. Les seules exceptions \u00e0 cette r\u00e8gle sont les partenaires avec qui nous sommes oblig\u00e9s de partager des donn\u00e9es afin de vous assurer les services auquels vous vous attendez.<\/p>\n\n\n\n<p>7. La dur\u00e9e de conservation de vos donn\u00e9es<br>Quand vous soumettez une demande d&rsquo;assistance ou un commentaire, les m\u00e9tadonn\u00e9es sont conserv\u00e9es jusqu&rsquo;\u00e0 ce que vous d\u00e9cidiez de les supprimer. Nous utilisons ces donn\u00e9es afin de vous reconna\u00eetre et d&rsquo;accepter vos commentaires automatiquement au lieu de les mod\u00e9rer au pr\u00e9alable.<br>Si vous vous inscrivez sur notre site, nous enregistrons aussi les informations personnelles sur votre profil. Vous pouvez consulter, modifier ou supprimer toute information personnelle quand vous le souhaitez (sauf changer votre nom d&rsquo;utilisateur). Les administrateurs du site peuvent consulter et modifier ces informations \u00e9galement.<\/p>\n\n\n\n<p>8. Mesures de s\u00e9curit\u00e9<br>Nous utilisons le protocole SSL\/HTTPS sur notre site qui nous aide \u00e0 encrypter les communications des utilisateurs avec les serveurs afin que les informations personnelles identifi\u00e9es ne sont pas captur\u00e9es\/pirat\u00e9es par des tierces parties sans autorisation.<\/p>\n\n\n\n<p>9. Droits li\u00e9s aux donn\u00e9es personnelles<br>Droits g\u00e9n\u00e9raux<br>Si vous poss\u00e9dez un compte enregistr\u00e9 sur ce site ou vous avez laiss\u00e9 des commentaires, vous avez le droit de demander un fichier contenant les donn\u00e9es personnelles que nous conservons, et toute donn\u00e9e suppl\u00e9mentaire que vous avez fournie.<br>Vous pouvez \u00e9galement nous demander de supprimer toute donn\u00e9e personnelle enregistr\u00e9e. Cela ne comprend pas les donn\u00e9ees qu&rsquo;on est oblig\u00e9s de garder pour des fins administratives, l\u00e9gales ou de s\u00e9curit\u00e9. En bref, nous ne pouvons supprimer toute donn\u00e9e n\u00e9cessaire pour vous garder comme un client actif (c\u00e0d, information basique comme l&rsquo;adresse mail)<br>Si vous souhaitez que toutes vos donn\u00e9es soient supprim\u00e9es, nous ne serons plus capables de vous offrir n&rsquo;importe quel support ou autre service relatif aux produits.<br>Si vous avez des questions ou voulez recevoir une copie de vos donn\u00e9es enregistr\u00e9es ou les supprimer, veuillez nous contacter sur info@ilestranslation.com<\/p>\n\n\n\n<p>Droits RGPD<br>Votre vie priv\u00e9e est d&rsquo;une grande importance pour nous. En adoptant le r\u00e9glement g\u00e9n\u00e9ral sur la protection des donn\u00e9es (RGPD), nous visons \u00e0 supporter les normes RGPD. ILES SARL permet aux r\u00e9sidents de l&rsquo;union europ\u00e9enne d&rsquo;utliser ses services. Par cons\u00e9quent, ILES SARL a l&rsquo;intention de se conformer \u00e0 la RGPD. Pour plus d&rsquo;information, veuillez consulter: Portail d&rsquo;information RGPD UE.<\/p>\n\n\n\n<p>10. Sites web des tierces parties.<br>ILES SARL peut partager des liens de sites web de tierces parties, ils ne sont pas filtr\u00e9s par ILES SARL pour assurer une conformit\u00e9 \u00e0 la confidentialit\u00e9 ou s\u00e9curit\u00e9, et nous d\u00e9clinons toute responsabilit\u00e9 vis \u00e0 vis le comportement de ces sites.<br>Tous liens de partage des r\u00e9seaux sociaux, quelque soit affich\u00e9s comme des liens textes ou icones de r\u00e9seaux sociaux ne vous connectent pas \u00e0 aucune partie tierce associ\u00e9e, sauf si vous cliquez dessus.<br>Vous devez savoir que cette politique de confidentialit\u00e9 et toute autre politique mise en place, ainsi que tous les changements, ne conf\u00e8rent aucun droit ex\u00e9cutoire par les tierces parties et n&rsquo;exigent la divulgation de n&rsquo;importe quelle information personnelle relative aux membres du service ou du site. ILES SARL n&rsquo;assume aucune responsabilit\u00e9 concernant les informations r\u00e9colt\u00e9es ou utilis\u00e9es par n&rsquo;importe quel annoceur ou site web tierce. Veuillez consulter la politique de confidentialit\u00e9 et les conditions de service pour chaque site visit\u00e9 \u00e0 travers les liens des tierces parties.<\/p>\n\n\n\n<p>11. La diffusion de vos donn\u00e9es pour des fins l\u00e9gales <br>Parfois, il est n\u00e9cessaire pour des fins l\u00e9gales que ILES SARL diffuse vos informations en r\u00e9ponse \u00e0 une demande re\u00e7ue de la part d&rsquo;une agence gouvernementale ou d&rsquo;un justiciable priv\u00e9. Vous acceptez que nous ayons le droit de  divulguer vos donn\u00e9es \u00e0 une tierce partie quand elle nous semble, de bonne foi, qu&rsquo;il serait n\u00e9cessaire de le faire dans le cas d&rsquo;une action civile, enqu\u00eate judiciaire ou toute autre question juridique. Si nous recevons une assignation affectant votre vie priv\u00e9e, nous pouvons choisir de vous offrir la possibilit\u00e9 de d\u00e9poser une requ\u00eate d&rsquo;annulation d&rsquo;assignation., ou nous pouvons tenter de l&rsquo;annuler nous m\u00eame, toutefois nous sommes pas dans l&rsquo;obligation de le faire. Nous pouvons \u00e9galement vous informer et communiquer vos donn\u00e9es aux tierces parties s&rsquo;il nous semble qu&rsquo;il serait prudent de le faire pour des fins l\u00e9gales, par exemple si nous sommes persuad\u00e9s que vous avez commis des activit\u00e9s frauduleuses. Nous d\u00e9clinons toute responsabilit\u00e9 de tout dommage qui pourrait r\u00e9sulter de la diffusion de vos donn\u00e9es suite \u00e0 la demande re\u00e7ue de la part des agences gouvernementales ou justiciables priv\u00e9s.<\/p>\n\n\n\n<p>12. Modifications<br>Nous nous r\u00e9servons le droit de modifier cette politique de confidentialit\u00e9. Et lorsque nous la modifierons, cette page sera mise \u00e0 jour et nous vous demanderons d&rsquo;accepter les modifications afin de pouvoir continuer \u00e0 utiliser nos services.<\/p>\n","protected":false},"excerpt":{"rendered":"<p>IntroductionILES Tunis SARL (adresse site web: www.ilestranslation.com) vous remercie pour votre confiance. Nous sommes une soci\u00e9t\u00e9 bas\u00e9e \u00e0 Tunis. Veuillez consulter notre politique de confidentialit\u00e9 et approuver les deux documents afin de pouvoir utiliser nos services. ILES Tunis SARLNum\u00e9ro de d\u00e9claration d&rsquo;imp\u00f4t : 1305918P\/A\/M\/000Registre de commerce: B01130942013Directeur \u00e9ditorial: Dr. Arne Kirchner4, rue d&rsquo;Alg\u00e9rie(\u00e0 c\u00f4t\u00e9 de&hellip;<\/p>\n","protected":false},"author":2,"featured_media":0,"parent":0,"menu_order":0,"comment_status":"closed","ping_status":"closed","template":"","meta":{"footnotes":""},"class_list":["post-2608","page","type-page","status-publish","hentry","description-off"],"yoast_head":"<!-- This site is optimized with the Yoast SEO plugin v27.4 - https:\/\/yoast.com\/product\/yoast-seo-wordpress\/ -->\n<title>Politique de confidentialit\u00e9 - il\u00e8s Traduction<\/title>\n<meta name=\"robots\" content=\"index, follow, max-snippet:-1, max-image-preview:large, max-video-preview:-1\" \/>\n<link rel=\"canonical\" href=\"https:\/\/ilestranslation.com\/fr\/politique-de-confidentialite\/\" \/>\n<meta property=\"og:locale\" content=\"fr_FR\" \/>\n<meta property=\"og:type\" content=\"article\" \/>\n<meta property=\"og:title\" content=\"Politique de confidentialit\u00e9 - il\u00e8s Traduction\" \/>\n<meta property=\"og:description\" content=\"IntroductionILES Tunis SARL (adresse site web: www.ilestranslation.com) vous remercie pour votre confiance. Nous sommes une soci\u00e9t\u00e9 bas\u00e9e \u00e0 Tunis. Veuillez consulter notre politique de confidentialit\u00e9 et approuver les deux documents afin de pouvoir utiliser nos services. ILES Tunis SARLNum\u00e9ro de d\u00e9claration d&rsquo;imp\u00f4t : 1305918P\/A\/M\/000Registre de commerce: B01130942013Directeur \u00e9ditorial: Dr. Arne Kirchner4, rue d&rsquo;Alg\u00e9rie(\u00e0 c\u00f4t\u00e9 de&hellip;\" \/>\n<meta property=\"og:url\" content=\"https:\/\/ilestranslation.com\/fr\/politique-de-confidentialite\/\" \/>\n<meta property=\"og:site_name\" content=\"il\u00e8s Traduction\" \/>\n<meta property=\"article:publisher\" content=\"https:\/\/web.facebook.com\/ilestunis\/\" \/>\n<meta property=\"article:modified_time\" content=\"2020-03-05T11:21:38+00:00\" \/>\n<meta name=\"twitter:card\" content=\"summary_large_image\" \/>\n<meta name=\"twitter:label1\" content=\"Dur\u00e9e de lecture estim\u00e9e\" \/>\n\t<meta name=\"twitter:data1\" content=\"8 minutes\" \/>\n<script type=\"application\/ld+json\" class=\"yoast-schema-graph\">{\"@context\":\"https:\\\/\\\/schema.org\",\"@graph\":[{\"@type\":\"WebPage\",\"@id\":\"https:\\\/\\\/ilestranslation.com\\\/fr\\\/politique-de-confidentialite\\\/\",\"url\":\"https:\\\/\\\/ilestranslation.com\\\/fr\\\/politique-de-confidentialite\\\/\",\"name\":\"Politique de confidentialit\u00e9 - il\u00e8s Traduction\",\"isPartOf\":{\"@id\":\"https:\\\/\\\/ilestranslation.com\\\/fr\\\/#website\"},\"datePublished\":\"2018-12-20T11:58:55+00:00\",\"dateModified\":\"2020-03-05T11:21:38+00:00\",\"breadcrumb\":{\"@id\":\"https:\\\/\\\/ilestranslation.com\\\/fr\\\/politique-de-confidentialite\\\/#breadcrumb\"},\"inLanguage\":\"fr-FR\",\"potentialAction\":[{\"@type\":\"ReadAction\",\"target\":[\"https:\\\/\\\/ilestranslation.com\\\/fr\\\/politique-de-confidentialite\\\/\"]}]},{\"@type\":\"BreadcrumbList\",\"@id\":\"https:\\\/\\\/ilestranslation.com\\\/fr\\\/politique-de-confidentialite\\\/#breadcrumb\",\"itemListElement\":[{\"@type\":\"ListItem\",\"position\":1,\"name\":\"Accueil\",\"item\":\"https:\\\/\\\/ilestranslation.com\\\/fr\\\/\"},{\"@type\":\"ListItem\",\"position\":2,\"name\":\"Politique de confidentialit\u00e9\"}]},{\"@type\":\"WebSite\",\"@id\":\"https:\\\/\\\/ilestranslation.com\\\/fr\\\/#website\",\"url\":\"https:\\\/\\\/ilestranslation.com\\\/fr\\\/\",\"name\":\"il\u00e8s Tunis (francais)\",\"description\":\"Just another ilestranslation.com Sites site\",\"publisher\":{\"@id\":\"https:\\\/\\\/ilestranslation.com\\\/fr\\\/#organization\"},\"potentialAction\":[{\"@type\":\"SearchAction\",\"target\":{\"@type\":\"EntryPoint\",\"urlTemplate\":\"https:\\\/\\\/ilestranslation.com\\\/fr\\\/?s={search_term_string}\"},\"query-input\":{\"@type\":\"PropertyValueSpecification\",\"valueRequired\":true,\"valueName\":\"search_term_string\"}}],\"inLanguage\":\"fr-FR\"},{\"@type\":\"Organization\",\"@id\":\"https:\\\/\\\/ilestranslation.com\\\/fr\\\/#organization\",\"name\":\"il\u00e8s Tunis\",\"url\":\"https:\\\/\\\/ilestranslation.com\\\/fr\\\/\",\"logo\":{\"@type\":\"ImageObject\",\"inLanguage\":\"fr-FR\",\"@id\":\"https:\\\/\\\/ilestranslation.com\\\/fr\\\/#\\\/schema\\\/logo\\\/image\\\/\",\"url\":\"https:\\\/\\\/ilestranslation.com\\\/fr\\\/wp-content\\\/uploads\\\/sites\\\/7\\\/2018\\\/11\\\/Iles-I-100x34.jpg\",\"contentUrl\":\"https:\\\/\\\/ilestranslation.com\\\/fr\\\/wp-content\\\/uploads\\\/sites\\\/7\\\/2018\\\/11\\\/Iles-I-100x34.jpg\",\"width\":101,\"height\":34,\"caption\":\"il\u00e8s Tunis\"},\"image\":{\"@id\":\"https:\\\/\\\/ilestranslation.com\\\/fr\\\/#\\\/schema\\\/logo\\\/image\\\/\"},\"sameAs\":[\"https:\\\/\\\/web.facebook.com\\\/ilestunis\\\/\",\"https:\\\/\\\/www.linkedin.com\\\/company\\\/ilestunis\\\/\"]}]}<\/script>\n<!-- \/ Yoast SEO plugin. -->","yoast_head_json":{"title":"Politique de confidentialit\u00e9 - il\u00e8s Traduction","robots":{"index":"index","follow":"follow","max-snippet":"max-snippet:-1","max-image-preview":"max-image-preview:large","max-video-preview":"max-video-preview:-1"},"canonical":"https:\/\/ilestranslation.com\/fr\/politique-de-confidentialite\/","og_locale":"fr_FR","og_type":"article","og_title":"Politique de confidentialit\u00e9 - il\u00e8s Traduction","og_description":"IntroductionILES Tunis SARL (adresse site web: www.ilestranslation.com) vous remercie pour votre confiance. Nous sommes une soci\u00e9t\u00e9 bas\u00e9e \u00e0 Tunis. Veuillez consulter notre politique de confidentialit\u00e9 et approuver les deux documents afin de pouvoir utiliser nos services. ILES Tunis SARLNum\u00e9ro de d\u00e9claration d&rsquo;imp\u00f4t : 1305918P\/A\/M\/000Registre de commerce: B01130942013Directeur \u00e9ditorial: Dr. Arne Kirchner4, rue d&rsquo;Alg\u00e9rie(\u00e0 c\u00f4t\u00e9 de&hellip;","og_url":"https:\/\/ilestranslation.com\/fr\/politique-de-confidentialite\/","og_site_name":"il\u00e8s Traduction","article_publisher":"https:\/\/web.facebook.com\/ilestunis\/","article_modified_time":"2020-03-05T11:21:38+00:00","twitter_card":"summary_large_image","twitter_misc":{"Dur\u00e9e de lecture estim\u00e9e":"8 minutes"},"schema":{"@context":"https:\/\/schema.org","@graph":[{"@type":"WebPage","@id":"https:\/\/ilestranslation.com\/fr\/politique-de-confidentialite\/","url":"https:\/\/ilestranslation.com\/fr\/politique-de-confidentialite\/","name":"Politique de confidentialit\u00e9 - il\u00e8s Traduction","isPartOf":{"@id":"https:\/\/ilestranslation.com\/fr\/#website"},"datePublished":"2018-12-20T11:58:55+00:00","dateModified":"2020-03-05T11:21:38+00:00","breadcrumb":{"@id":"https:\/\/ilestranslation.com\/fr\/politique-de-confidentialite\/#breadcrumb"},"inLanguage":"fr-FR","potentialAction":[{"@type":"ReadAction","target":["https:\/\/ilestranslation.com\/fr\/politique-de-confidentialite\/"]}]},{"@type":"BreadcrumbList","@id":"https:\/\/ilestranslation.com\/fr\/politique-de-confidentialite\/#breadcrumb","itemListElement":[{"@type":"ListItem","position":1,"name":"Accueil","item":"https:\/\/ilestranslation.com\/fr\/"},{"@type":"ListItem","position":2,"name":"Politique de confidentialit\u00e9"}]},{"@type":"WebSite","@id":"https:\/\/ilestranslation.com\/fr\/#website","url":"https:\/\/ilestranslation.com\/fr\/","name":"il\u00e8s Tunis (francais)","description":"Just another ilestranslation.com Sites site","publisher":{"@id":"https:\/\/ilestranslation.com\/fr\/#organization"},"potentialAction":[{"@type":"SearchAction","target":{"@type":"EntryPoint","urlTemplate":"https:\/\/ilestranslation.com\/fr\/?s={search_term_string}"},"query-input":{"@type":"PropertyValueSpecification","valueRequired":true,"valueName":"search_term_string"}}],"inLanguage":"fr-FR"},{"@type":"Organization","@id":"https:\/\/ilestranslation.com\/fr\/#organization","name":"il\u00e8s Tunis","url":"https:\/\/ilestranslation.com\/fr\/","logo":{"@type":"ImageObject","inLanguage":"fr-FR","@id":"https:\/\/ilestranslation.com\/fr\/#\/schema\/logo\/image\/","url":"https:\/\/ilestranslation.com\/fr\/wp-content\/uploads\/sites\/7\/2018\/11\/Iles-I-100x34.jpg","contentUrl":"https:\/\/ilestranslation.com\/fr\/wp-content\/uploads\/sites\/7\/2018\/11\/Iles-I-100x34.jpg","width":101,"height":34,"caption":"il\u00e8s Tunis"},"image":{"@id":"https:\/\/ilestranslation.com\/fr\/#\/schema\/logo\/image\/"},"sameAs":["https:\/\/web.facebook.com\/ilestunis\/","https:\/\/www.linkedin.com\/company\/ilestunis\/"]}]}},"_links":{"self":[{"href":"https:\/\/ilestranslation.com\/fr\/wp-json\/wp\/v2\/pages\/2608","targetHints":{"allow":["GET"]}}],"collection":[{"href":"https:\/\/ilestranslation.com\/fr\/wp-json\/wp\/v2\/pages"}],"about":[{"href":"https:\/\/ilestranslation.com\/fr\/wp-json\/wp\/v2\/types\/page"}],"author":[{"embeddable":true,"href":"https:\/\/ilestranslation.com\/fr\/wp-json\/wp\/v2\/users\/2"}],"replies":[{"embeddable":true,"href":"https:\/\/ilestranslation.com\/fr\/wp-json\/wp\/v2\/comments?post=2608"}],"version-history":[{"count":8,"href":"https:\/\/ilestranslation.com\/fr\/wp-json\/wp\/v2\/pages\/2608\/revisions"}],"predecessor-version":[{"id":3148,"href":"https:\/\/ilestranslation.com\/fr\/wp-json\/wp\/v2\/pages\/2608\/revisions\/3148"}],"wp:attachment":[{"href":"https:\/\/ilestranslation.com\/fr\/wp-json\/wp\/v2\/media?parent=2608"}],"curies":[{"name":"wp","href":"https:\/\/api.w.org\/{rel}","templated":true}]}}