{"id":2613,"date":"2018-12-20T13:20:06","date_gmt":"2018-12-20T13:20:06","guid":{"rendered":"https:\/\/ilestranslation.com\/en\/?page_id=2613"},"modified":"2020-11-06T17:49:46","modified_gmt":"2020-11-06T17:49:46","slug":"linguistique","status":"publish","type":"page","link":"https:\/\/ilestranslation.com\/fr\/linguistique\/","title":{"rendered":"Linguistique"},"content":{"rendered":"\t\t<div data-elementor-type=\"wp-page\" data-elementor-id=\"2613\" class=\"elementor elementor-2613\" data-elementor-post-type=\"page\">\n\t\t\t\t\t\t<section class=\"elementor-section elementor-top-section elementor-element elementor-element-e13e8ac elementor-section-boxed elementor-section-height-default elementor-section-height-default\" data-id=\"e13e8ac\" data-element_type=\"section\" data-e-type=\"section\">\n\t\t\t\t\t\t<div class=\"elementor-container elementor-column-gap-default\">\n\t\t\t\t\t<div class=\"elementor-column elementor-col-100 elementor-top-column elementor-element elementor-element-6a1268e\" data-id=\"6a1268e\" data-element_type=\"column\" data-e-type=\"column\">\n\t\t\t<div class=\"elementor-widget-wrap elementor-element-populated\">\n\t\t\t\t\t\t<section class=\"elementor-section elementor-inner-section elementor-element elementor-element-b836906 elementor-section-boxed elementor-section-height-default elementor-section-height-default\" data-id=\"b836906\" data-element_type=\"section\" data-e-type=\"section\">\n\t\t\t\t\t\t<div class=\"elementor-container elementor-column-gap-default\">\n\t\t\t\t\t<div class=\"elementor-column elementor-col-50 elementor-inner-column elementor-element elementor-element-735a974\" data-id=\"735a974\" data-element_type=\"column\" data-e-type=\"column\">\n\t\t\t<div class=\"elementor-widget-wrap elementor-element-populated\">\n\t\t\t\t\t\t<div class=\"elementor-element elementor-element-a7b4e2d elementor-widget elementor-widget-heading\" data-id=\"a7b4e2d\" data-element_type=\"widget\" data-e-type=\"widget\" data-widget_type=\"heading.default\">\n\t\t\t\t<div class=\"elementor-widget-container\">\n\t\t\t\t\t<h2 class=\"elementor-heading-title elementor-size-default\">Chaque Langue compte<\/h2>\t\t\t\t<\/div>\n\t\t\t\t<\/div>\n\t\t\t\t<div class=\"elementor-element elementor-element-ff3ff45 elementor-widget-divider--view-line elementor-widget elementor-widget-divider\" data-id=\"ff3ff45\" data-element_type=\"widget\" data-e-type=\"widget\" data-widget_type=\"divider.default\">\n\t\t\t\t<div class=\"elementor-widget-container\">\n\t\t\t\t\t\t\t<div class=\"elementor-divider\">\n\t\t\t<span class=\"elementor-divider-separator\">\n\t\t\t\t\t\t<\/span>\n\t\t<\/div>\n\t\t\t\t\t\t<\/div>\n\t\t\t\t<\/div>\n\t\t\t\t<div class=\"elementor-element elementor-element-0d1252a elementor-widget elementor-widget-text-editor\" data-id=\"0d1252a\" data-element_type=\"widget\" data-e-type=\"widget\" data-widget_type=\"text-editor.default\">\n\t\t\t\t<div class=\"elementor-widget-container\">\n\t\t\t\t\t\t\t\t\t<p>C&rsquo;est notre conviction. Chaque langue est un puits de connaissances pleines de sagesse sur le monde qui nous entoure. Chaque langue est diff\u00e9rente dans sa fa\u00e7on de voir le monde et de le d\u00e9crire. Chaque langue est donc un tr\u00e9sor inestimable qui m\u00e9rite d\u2019\u00eatre pr\u00e9serv\u00e9e.<\/p><p>M\u00eame si vous maitrisez bien une autre langue, votre langue maternelle restera la seule langue avec laquelle vous saurez communiquer parfaitement une id\u00e9e, nouer des relations et fa\u00e7onner une communaut\u00e9. Voil\u00e0 pourquoi nous croyons en l&rsquo;importance du d\u00e9veloppement des langues: l&rsquo;analyse, la documentation et la promotion des langues minoritaires nord-africaines.<\/p>\t\t\t\t\t\t\t\t<\/div>\n\t\t\t\t<\/div>\n\t\t\t\t\t<\/div>\n\t\t<\/div>\n\t\t\t\t<div class=\"elementor-column elementor-col-50 elementor-inner-column elementor-element elementor-element-edf06c3\" data-id=\"edf06c3\" data-element_type=\"column\" data-e-type=\"column\">\n\t\t\t<div class=\"elementor-widget-wrap elementor-element-populated\">\n\t\t\t\t\t\t<div class=\"elementor-element elementor-element-52d12f6 elementor-widget elementor-widget-image\" data-id=\"52d12f6\" data-element_type=\"widget\" data-e-type=\"widget\" data-widget_type=\"image.default\">\n\t\t\t\t<div class=\"elementor-widget-container\">\n\t\t\t\t\t\t\t\t\t\t\t\t\t\t\t<img fetchpriority=\"high\" decoding=\"async\" width=\"900\" height=\"500\" src=\"https:\/\/ilestranslation.com\/fr\/wp-content\/uploads\/sites\/7\/2019\/01\/books-1204029_1280.jpg\" class=\"attachment-large size-large wp-image-2677\" alt=\"\" srcset=\"https:\/\/ilestranslation.com\/fr\/wp-content\/uploads\/sites\/7\/2019\/01\/books-1204029_1280.jpg 900w, https:\/\/ilestranslation.com\/fr\/wp-content\/uploads\/sites\/7\/2019\/01\/books-1204029_1280-300x167.jpg 300w, https:\/\/ilestranslation.com\/fr\/wp-content\/uploads\/sites\/7\/2019\/01\/books-1204029_1280-768x427.jpg 768w\" sizes=\"(max-width: 900px) 100vw, 900px\" \/>\t\t\t\t\t\t\t\t\t\t\t\t\t\t\t<\/div>\n\t\t\t\t<\/div>\n\t\t\t\t\t<\/div>\n\t\t<\/div>\n\t\t\t\t\t<\/div>\n\t\t<\/section>\n\t\t\t\t<section class=\"elementor-section elementor-inner-section elementor-element elementor-element-ec7e1ca elementor-section-boxed elementor-section-height-default elementor-section-height-default\" data-id=\"ec7e1ca\" data-element_type=\"section\" data-e-type=\"section\">\n\t\t\t\t\t\t<div class=\"elementor-container elementor-column-gap-default\">\n\t\t\t\t\t<div class=\"elementor-column elementor-col-50 elementor-inner-column elementor-element elementor-element-0c28a56\" data-id=\"0c28a56\" data-element_type=\"column\" data-e-type=\"column\">\n\t\t\t<div class=\"elementor-widget-wrap elementor-element-populated\">\n\t\t\t\t\t\t<div class=\"elementor-element elementor-element-e113ee0 elementor-widget elementor-widget-image\" data-id=\"e113ee0\" data-element_type=\"widget\" data-e-type=\"widget\" data-widget_type=\"image.default\">\n\t\t\t\t<div class=\"elementor-widget-container\">\n\t\t\t\t\t\t\t\t\t\t\t\t\t\t\t<img decoding=\"async\" src=\"https:\/\/ilestranslation.com\/wp-content\/uploads\/2020\/10\/library-869061_640.jpg\" title=\"\" alt=\"\" loading=\"lazy\" \/>\t\t\t\t\t\t\t\t\t\t\t\t\t\t\t<\/div>\n\t\t\t\t<\/div>\n\t\t\t\t\t<\/div>\n\t\t<\/div>\n\t\t\t\t<div class=\"elementor-column elementor-col-50 elementor-inner-column elementor-element elementor-element-b6d15eb\" data-id=\"b6d15eb\" data-element_type=\"column\" data-e-type=\"column\">\n\t\t\t<div class=\"elementor-widget-wrap elementor-element-populated\">\n\t\t\t\t\t\t<div class=\"elementor-element elementor-element-7aef2a5 elementor-widget elementor-widget-heading\" data-id=\"7aef2a5\" data-element_type=\"widget\" data-e-type=\"widget\" data-widget_type=\"heading.default\">\n\t\t\t\t<div class=\"elementor-widget-container\">\n\t\t\t\t\t<h2 class=\"elementor-heading-title elementor-size-default\">D\u00e9veloppement de langues<\/h2>\t\t\t\t<\/div>\n\t\t\t\t<\/div>\n\t\t\t\t<div class=\"elementor-element elementor-element-b31d9ef elementor-widget-divider--view-line elementor-widget elementor-widget-divider\" data-id=\"b31d9ef\" data-element_type=\"widget\" data-e-type=\"widget\" data-widget_type=\"divider.default\">\n\t\t\t\t<div class=\"elementor-widget-container\">\n\t\t\t\t\t\t\t<div class=\"elementor-divider\">\n\t\t\t<span class=\"elementor-divider-separator\">\n\t\t\t\t\t\t<\/span>\n\t\t<\/div>\n\t\t\t\t\t\t<\/div>\n\t\t\t\t<\/div>\n\t\t\t\t<div class=\"elementor-element elementor-element-b06882f elementor-widget elementor-widget-text-editor\" data-id=\"b06882f\" data-element_type=\"widget\" data-e-type=\"widget\" data-widget_type=\"text-editor.default\">\n\t\t\t\t<div class=\"elementor-widget-container\">\n\t\t\t\t\t\t\t\t\t<p>Notre d\u00e9sir est de promouvoir le d\u00e9veloppement de ces langues dans les domaines suivants ;<\/p><ul><li><strong>La recherche linguistique<\/strong>: phonologie, orthographe, grammaire, dictionnaire, etc.<\/li><li><strong>La documentation<\/strong> des proverbes, musique, po\u00e8mes, et donn\u00e9es linguistiques en g\u00e9n\u00e9ral.<\/li><li><strong>La promotion<\/strong> des langues locales et de son usage dans tous les domaines de la vie sociale, y compris au sein des foyers, des \u00e9coles, du travail, des arts et de l&rsquo;\u00e9ducation.<\/li><\/ul><p>ILES travaille avec des linguistes et des sp\u00e9cialistes du d\u00e9veloppement linguistique pour fournir un service de grande qualit\u00e9 dans ces trois domaines.<\/p>\t\t\t\t\t\t\t\t<\/div>\n\t\t\t\t<\/div>\n\t\t\t\t\t<\/div>\n\t\t<\/div>\n\t\t\t\t\t<\/div>\n\t\t<\/section>\n\t\t\t\t<section class=\"elementor-section elementor-inner-section elementor-element elementor-element-d52135a elementor-section-boxed elementor-section-height-default elementor-section-height-default\" data-id=\"d52135a\" data-element_type=\"section\" data-e-type=\"section\">\n\t\t\t\t\t\t<div class=\"elementor-container elementor-column-gap-default\">\n\t\t\t\t\t<div class=\"elementor-column elementor-col-50 elementor-inner-column elementor-element elementor-element-40a7aa4\" data-id=\"40a7aa4\" data-element_type=\"column\" data-e-type=\"column\">\n\t\t\t<div class=\"elementor-widget-wrap elementor-element-populated\">\n\t\t\t\t\t\t<div class=\"elementor-element elementor-element-f48deac elementor-widget elementor-widget-heading\" data-id=\"f48deac\" data-element_type=\"widget\" data-e-type=\"widget\" data-widget_type=\"heading.default\">\n\t\t\t\t<div class=\"elementor-widget-container\">\n\t\t\t\t\t<h2 class=\"elementor-heading-title elementor-size-default\">Projets<\/h2>\t\t\t\t<\/div>\n\t\t\t\t<\/div>\n\t\t\t\t<div class=\"elementor-element elementor-element-4d8d9ff elementor-widget-divider--view-line elementor-widget elementor-widget-divider\" data-id=\"4d8d9ff\" data-element_type=\"widget\" data-e-type=\"widget\" data-widget_type=\"divider.default\">\n\t\t\t\t<div class=\"elementor-widget-container\">\n\t\t\t\t\t\t\t<div class=\"elementor-divider\">\n\t\t\t<span class=\"elementor-divider-separator\">\n\t\t\t\t\t\t<\/span>\n\t\t<\/div>\n\t\t\t\t\t\t<\/div>\n\t\t\t\t<\/div>\n\t\t\t\t<div class=\"elementor-element elementor-element-80bec87 elementor-widget elementor-widget-text-editor\" data-id=\"80bec87\" data-element_type=\"widget\" data-e-type=\"widget\" data-widget_type=\"text-editor.default\">\n\t\t\t\t<div class=\"elementor-widget-container\">\n\t\t\t\t\t\t\t\t\t<p>Voici un descriptif de quelques projets sur lesquels nous travaillons actuellement:<\/p><ul><li>Dictionnaire Arabe Tunisien en Anglais. Elaboration d\u2019une base de donn\u00e9es pour le dictionnaire Arabe Tunisien-Anglais. (Termin\u00e9)<\/li><li>Description de la langue Mozabite (Tumzabt) en Alg\u00e9rie: une \u00e9quipe se penche sur l\u2019analyse de la phonologie et la grammaire de la langue Mozabite, en vue de produire un dictionnaire par la suite.<\/li><li>Publication d\u2019un livret sur l\u2019orthographe Chaoui par une \u00e9quipe locale (Alg\u00e9rie)<\/li><li>En pr\u00e9paration: Dictionnaire et site web d\u2019une langue Berb\u00e8re au Maroc.<\/li><\/ul>\t\t\t\t\t\t\t\t<\/div>\n\t\t\t\t<\/div>\n\t\t\t\t\t<\/div>\n\t\t<\/div>\n\t\t\t\t<div class=\"elementor-column elementor-col-50 elementor-inner-column elementor-element elementor-element-a786c2d\" data-id=\"a786c2d\" data-element_type=\"column\" data-e-type=\"column\">\n\t\t\t<div class=\"elementor-widget-wrap elementor-element-populated\">\n\t\t\t\t\t\t<div class=\"elementor-element elementor-element-e22e178 elementor-widget elementor-widget-image\" data-id=\"e22e178\" data-element_type=\"widget\" data-e-type=\"widget\" data-widget_type=\"image.default\">\n\t\t\t\t<div class=\"elementor-widget-container\">\n\t\t\t\t\t\t\t\t\t\t\t\t\t\t\t<img decoding=\"async\" width=\"1500\" height=\"900\" src=\"https:\/\/ilestranslation.com\/fr\/wp-content\/uploads\/sites\/7\/2018\/06\/sl002.jpg\" class=\"attachment-1536x1536 size-1536x1536 wp-image-2084\" alt=\"\" srcset=\"https:\/\/ilestranslation.com\/fr\/wp-content\/uploads\/sites\/7\/2018\/06\/sl002.jpg 1500w, https:\/\/ilestranslation.com\/fr\/wp-content\/uploads\/sites\/7\/2018\/06\/sl002-300x180.jpg 300w, https:\/\/ilestranslation.com\/fr\/wp-content\/uploads\/sites\/7\/2018\/06\/sl002-768x461.jpg 768w, https:\/\/ilestranslation.com\/fr\/wp-content\/uploads\/sites\/7\/2018\/06\/sl002-1024x614.jpg 1024w\" sizes=\"(max-width: 1500px) 100vw, 1500px\" \/>\t\t\t\t\t\t\t\t\t\t\t\t\t\t\t<\/div>\n\t\t\t\t<\/div>\n\t\t\t\t\t<\/div>\n\t\t<\/div>\n\t\t\t\t\t<\/div>\n\t\t<\/section>\n\t\t\t\t\t<\/div>\n\t\t<\/div>\n\t\t\t\t\t<\/div>\n\t\t<\/section>\n\t\t\t\t<\/div>\n\t\t","protected":false},"excerpt":{"rendered":"<p>Chaque Langue compte C&rsquo;est notre conviction. Chaque langue est un puits de connaissances pleines de sagesse sur le monde qui nous entoure. Chaque langue est diff\u00e9rente dans sa fa\u00e7on de voir le monde et de le d\u00e9crire. Chaque langue est donc un tr\u00e9sor inestimable qui m\u00e9rite d\u2019\u00eatre pr\u00e9serv\u00e9e. M\u00eame si vous maitrisez bien une autre&hellip;<\/p>\n","protected":false},"author":1,"featured_media":0,"parent":0,"menu_order":0,"comment_status":"closed","ping_status":"closed","template":"","meta":{"footnotes":""},"class_list":["post-2613","page","type-page","status-publish","hentry"],"yoast_head":"<!-- This site is optimized with the Yoast SEO plugin v27.4 - https:\/\/yoast.com\/product\/yoast-seo-wordpress\/ -->\n<title>Linguistique - il\u00e8s Traduction<\/title>\n<meta name=\"robots\" content=\"index, follow, max-snippet:-1, max-image-preview:large, max-video-preview:-1\" \/>\n<link rel=\"canonical\" href=\"https:\/\/ilestranslation.com\/fr\/linguistique\/\" \/>\n<meta property=\"og:locale\" content=\"fr_FR\" \/>\n<meta property=\"og:type\" content=\"article\" \/>\n<meta property=\"og:title\" content=\"Linguistique - il\u00e8s Traduction\" \/>\n<meta property=\"og:description\" content=\"Chaque Langue compte C&rsquo;est notre conviction. Chaque langue est un puits de connaissances pleines de sagesse sur le monde qui nous entoure. Chaque langue est diff\u00e9rente dans sa fa\u00e7on de voir le monde et de le d\u00e9crire. Chaque langue est donc un tr\u00e9sor inestimable qui m\u00e9rite d\u2019\u00eatre pr\u00e9serv\u00e9e. M\u00eame si vous maitrisez bien une autre&hellip;\" \/>\n<meta property=\"og:url\" content=\"https:\/\/ilestranslation.com\/fr\/linguistique\/\" \/>\n<meta property=\"og:site_name\" content=\"il\u00e8s Traduction\" \/>\n<meta property=\"article:publisher\" content=\"https:\/\/web.facebook.com\/ilestunis\/\" \/>\n<meta property=\"article:modified_time\" content=\"2020-11-06T17:49:46+00:00\" \/>\n<meta property=\"og:image\" content=\"https:\/\/ilestranslation.com\/fr\/wp-content\/uploads\/sites\/7\/2019\/01\/books-1204029_1280.jpg\" \/>\n<meta name=\"twitter:card\" content=\"summary_large_image\" \/>\n<meta name=\"twitter:label1\" content=\"Dur\u00e9e de lecture estim\u00e9e\" \/>\n\t<meta name=\"twitter:data1\" content=\"2 minutes\" \/>\n<script type=\"application\/ld+json\" class=\"yoast-schema-graph\">{\"@context\":\"https:\\\/\\\/schema.org\",\"@graph\":[{\"@type\":\"WebPage\",\"@id\":\"https:\\\/\\\/ilestranslation.com\\\/fr\\\/linguistique\\\/\",\"url\":\"https:\\\/\\\/ilestranslation.com\\\/fr\\\/linguistique\\\/\",\"name\":\"Linguistique - il\u00e8s Traduction\",\"isPartOf\":{\"@id\":\"https:\\\/\\\/ilestranslation.com\\\/fr\\\/#website\"},\"primaryImageOfPage\":{\"@id\":\"https:\\\/\\\/ilestranslation.com\\\/fr\\\/linguistique\\\/#primaryimage\"},\"image\":{\"@id\":\"https:\\\/\\\/ilestranslation.com\\\/fr\\\/linguistique\\\/#primaryimage\"},\"thumbnailUrl\":\"https:\\\/\\\/ilestranslation.com\\\/fr\\\/wp-content\\\/uploads\\\/sites\\\/7\\\/2019\\\/01\\\/books-1204029_1280.jpg\",\"datePublished\":\"2018-12-20T13:20:06+00:00\",\"dateModified\":\"2020-11-06T17:49:46+00:00\",\"breadcrumb\":{\"@id\":\"https:\\\/\\\/ilestranslation.com\\\/fr\\\/linguistique\\\/#breadcrumb\"},\"inLanguage\":\"fr-FR\",\"potentialAction\":[{\"@type\":\"ReadAction\",\"target\":[\"https:\\\/\\\/ilestranslation.com\\\/fr\\\/linguistique\\\/\"]}]},{\"@type\":\"ImageObject\",\"inLanguage\":\"fr-FR\",\"@id\":\"https:\\\/\\\/ilestranslation.com\\\/fr\\\/linguistique\\\/#primaryimage\",\"url\":\"https:\\\/\\\/ilestranslation.com\\\/fr\\\/wp-content\\\/uploads\\\/sites\\\/7\\\/2019\\\/01\\\/books-1204029_1280.jpg\",\"contentUrl\":\"https:\\\/\\\/ilestranslation.com\\\/fr\\\/wp-content\\\/uploads\\\/sites\\\/7\\\/2019\\\/01\\\/books-1204029_1280.jpg\",\"width\":900,\"height\":500},{\"@type\":\"BreadcrumbList\",\"@id\":\"https:\\\/\\\/ilestranslation.com\\\/fr\\\/linguistique\\\/#breadcrumb\",\"itemListElement\":[{\"@type\":\"ListItem\",\"position\":1,\"name\":\"Accueil\",\"item\":\"https:\\\/\\\/ilestranslation.com\\\/fr\\\/\"},{\"@type\":\"ListItem\",\"position\":2,\"name\":\"Linguistique\"}]},{\"@type\":\"WebSite\",\"@id\":\"https:\\\/\\\/ilestranslation.com\\\/fr\\\/#website\",\"url\":\"https:\\\/\\\/ilestranslation.com\\\/fr\\\/\",\"name\":\"il\u00e8s Tunis (francais)\",\"description\":\"Just another ilestranslation.com Sites site\",\"publisher\":{\"@id\":\"https:\\\/\\\/ilestranslation.com\\\/fr\\\/#organization\"},\"potentialAction\":[{\"@type\":\"SearchAction\",\"target\":{\"@type\":\"EntryPoint\",\"urlTemplate\":\"https:\\\/\\\/ilestranslation.com\\\/fr\\\/?s={search_term_string}\"},\"query-input\":{\"@type\":\"PropertyValueSpecification\",\"valueRequired\":true,\"valueName\":\"search_term_string\"}}],\"inLanguage\":\"fr-FR\"},{\"@type\":\"Organization\",\"@id\":\"https:\\\/\\\/ilestranslation.com\\\/fr\\\/#organization\",\"name\":\"il\u00e8s Tunis\",\"url\":\"https:\\\/\\\/ilestranslation.com\\\/fr\\\/\",\"logo\":{\"@type\":\"ImageObject\",\"inLanguage\":\"fr-FR\",\"@id\":\"https:\\\/\\\/ilestranslation.com\\\/fr\\\/#\\\/schema\\\/logo\\\/image\\\/\",\"url\":\"https:\\\/\\\/ilestranslation.com\\\/fr\\\/wp-content\\\/uploads\\\/sites\\\/7\\\/2018\\\/11\\\/Iles-I-100x34.jpg\",\"contentUrl\":\"https:\\\/\\\/ilestranslation.com\\\/fr\\\/wp-content\\\/uploads\\\/sites\\\/7\\\/2018\\\/11\\\/Iles-I-100x34.jpg\",\"width\":101,\"height\":34,\"caption\":\"il\u00e8s Tunis\"},\"image\":{\"@id\":\"https:\\\/\\\/ilestranslation.com\\\/fr\\\/#\\\/schema\\\/logo\\\/image\\\/\"},\"sameAs\":[\"https:\\\/\\\/web.facebook.com\\\/ilestunis\\\/\",\"https:\\\/\\\/www.linkedin.com\\\/company\\\/ilestunis\\\/\"]}]}<\/script>\n<!-- \/ Yoast SEO plugin. -->","yoast_head_json":{"title":"Linguistique - il\u00e8s Traduction","robots":{"index":"index","follow":"follow","max-snippet":"max-snippet:-1","max-image-preview":"max-image-preview:large","max-video-preview":"max-video-preview:-1"},"canonical":"https:\/\/ilestranslation.com\/fr\/linguistique\/","og_locale":"fr_FR","og_type":"article","og_title":"Linguistique - il\u00e8s Traduction","og_description":"Chaque Langue compte C&rsquo;est notre conviction. Chaque langue est un puits de connaissances pleines de sagesse sur le monde qui nous entoure. Chaque langue est diff\u00e9rente dans sa fa\u00e7on de voir le monde et de le d\u00e9crire. Chaque langue est donc un tr\u00e9sor inestimable qui m\u00e9rite d\u2019\u00eatre pr\u00e9serv\u00e9e. M\u00eame si vous maitrisez bien une autre&hellip;","og_url":"https:\/\/ilestranslation.com\/fr\/linguistique\/","og_site_name":"il\u00e8s Traduction","article_publisher":"https:\/\/web.facebook.com\/ilestunis\/","article_modified_time":"2020-11-06T17:49:46+00:00","og_image":[{"url":"https:\/\/ilestranslation.com\/fr\/wp-content\/uploads\/sites\/7\/2019\/01\/books-1204029_1280.jpg","type":"","width":"","height":""}],"twitter_card":"summary_large_image","twitter_misc":{"Dur\u00e9e de lecture estim\u00e9e":"2 minutes"},"schema":{"@context":"https:\/\/schema.org","@graph":[{"@type":"WebPage","@id":"https:\/\/ilestranslation.com\/fr\/linguistique\/","url":"https:\/\/ilestranslation.com\/fr\/linguistique\/","name":"Linguistique - il\u00e8s Traduction","isPartOf":{"@id":"https:\/\/ilestranslation.com\/fr\/#website"},"primaryImageOfPage":{"@id":"https:\/\/ilestranslation.com\/fr\/linguistique\/#primaryimage"},"image":{"@id":"https:\/\/ilestranslation.com\/fr\/linguistique\/#primaryimage"},"thumbnailUrl":"https:\/\/ilestranslation.com\/fr\/wp-content\/uploads\/sites\/7\/2019\/01\/books-1204029_1280.jpg","datePublished":"2018-12-20T13:20:06+00:00","dateModified":"2020-11-06T17:49:46+00:00","breadcrumb":{"@id":"https:\/\/ilestranslation.com\/fr\/linguistique\/#breadcrumb"},"inLanguage":"fr-FR","potentialAction":[{"@type":"ReadAction","target":["https:\/\/ilestranslation.com\/fr\/linguistique\/"]}]},{"@type":"ImageObject","inLanguage":"fr-FR","@id":"https:\/\/ilestranslation.com\/fr\/linguistique\/#primaryimage","url":"https:\/\/ilestranslation.com\/fr\/wp-content\/uploads\/sites\/7\/2019\/01\/books-1204029_1280.jpg","contentUrl":"https:\/\/ilestranslation.com\/fr\/wp-content\/uploads\/sites\/7\/2019\/01\/books-1204029_1280.jpg","width":900,"height":500},{"@type":"BreadcrumbList","@id":"https:\/\/ilestranslation.com\/fr\/linguistique\/#breadcrumb","itemListElement":[{"@type":"ListItem","position":1,"name":"Accueil","item":"https:\/\/ilestranslation.com\/fr\/"},{"@type":"ListItem","position":2,"name":"Linguistique"}]},{"@type":"WebSite","@id":"https:\/\/ilestranslation.com\/fr\/#website","url":"https:\/\/ilestranslation.com\/fr\/","name":"il\u00e8s Tunis (francais)","description":"Just another ilestranslation.com Sites site","publisher":{"@id":"https:\/\/ilestranslation.com\/fr\/#organization"},"potentialAction":[{"@type":"SearchAction","target":{"@type":"EntryPoint","urlTemplate":"https:\/\/ilestranslation.com\/fr\/?s={search_term_string}"},"query-input":{"@type":"PropertyValueSpecification","valueRequired":true,"valueName":"search_term_string"}}],"inLanguage":"fr-FR"},{"@type":"Organization","@id":"https:\/\/ilestranslation.com\/fr\/#organization","name":"il\u00e8s Tunis","url":"https:\/\/ilestranslation.com\/fr\/","logo":{"@type":"ImageObject","inLanguage":"fr-FR","@id":"https:\/\/ilestranslation.com\/fr\/#\/schema\/logo\/image\/","url":"https:\/\/ilestranslation.com\/fr\/wp-content\/uploads\/sites\/7\/2018\/11\/Iles-I-100x34.jpg","contentUrl":"https:\/\/ilestranslation.com\/fr\/wp-content\/uploads\/sites\/7\/2018\/11\/Iles-I-100x34.jpg","width":101,"height":34,"caption":"il\u00e8s Tunis"},"image":{"@id":"https:\/\/ilestranslation.com\/fr\/#\/schema\/logo\/image\/"},"sameAs":["https:\/\/web.facebook.com\/ilestunis\/","https:\/\/www.linkedin.com\/company\/ilestunis\/"]}]}},"_links":{"self":[{"href":"https:\/\/ilestranslation.com\/fr\/wp-json\/wp\/v2\/pages\/2613","targetHints":{"allow":["GET"]}}],"collection":[{"href":"https:\/\/ilestranslation.com\/fr\/wp-json\/wp\/v2\/pages"}],"about":[{"href":"https:\/\/ilestranslation.com\/fr\/wp-json\/wp\/v2\/types\/page"}],"author":[{"embeddable":true,"href":"https:\/\/ilestranslation.com\/fr\/wp-json\/wp\/v2\/users\/1"}],"replies":[{"embeddable":true,"href":"https:\/\/ilestranslation.com\/fr\/wp-json\/wp\/v2\/comments?post=2613"}],"version-history":[{"count":6,"href":"https:\/\/ilestranslation.com\/fr\/wp-json\/wp\/v2\/pages\/2613\/revisions"}],"predecessor-version":[{"id":3252,"href":"https:\/\/ilestranslation.com\/fr\/wp-json\/wp\/v2\/pages\/2613\/revisions\/3252"}],"wp:attachment":[{"href":"https:\/\/ilestranslation.com\/fr\/wp-json\/wp\/v2\/media?parent=2613"}],"curies":[{"name":"wp","href":"https:\/\/api.w.org\/{rel}","templated":true}]}}