{"id":3442,"date":"2021-09-24T15:06:08","date_gmt":"2021-09-24T15:06:08","guid":{"rendered":"https:\/\/ilestranslation.com\/fr\/?page_id=3442"},"modified":"2021-09-24T15:11:22","modified_gmt":"2021-09-24T15:11:22","slug":"contact-maroc","status":"publish","type":"page","link":"https:\/\/ilestranslation.com\/fr\/contact-maroc\/","title":{"rendered":"Contact Maroc"},"content":{"rendered":"\t\t<div data-elementor-type=\"wp-page\" data-elementor-id=\"3442\" class=\"elementor elementor-3442\" data-elementor-post-type=\"page\">\n\t\t\t\t\t\t<section class=\"elementor-section elementor-top-section elementor-element elementor-element-8f2988c elementor-section-boxed elementor-section-height-default elementor-section-height-default\" data-id=\"8f2988c\" data-element_type=\"section\" data-e-type=\"section\">\n\t\t\t\t\t\t<div class=\"elementor-container elementor-column-gap-default\">\n\t\t\t\t\t<div class=\"elementor-column elementor-col-50 elementor-top-column elementor-element elementor-element-5f05bc07\" data-id=\"5f05bc07\" data-element_type=\"column\" data-e-type=\"column\">\n\t\t\t<div class=\"elementor-widget-wrap elementor-element-populated\">\n\t\t\t\t\t\t<div class=\"elementor-element elementor-element-63340688 elementor-widget elementor-widget-heading\" data-id=\"63340688\" data-element_type=\"widget\" data-e-type=\"widget\" data-widget_type=\"heading.default\">\n\t\t\t\t<div class=\"elementor-widget-container\">\n\t\t\t\t\t<h3 class=\"elementor-heading-title elementor-size-default\">\u00c9crivez-nous<\/h3>\t\t\t\t<\/div>\n\t\t\t\t<\/div>\n\t\t\t\t<div class=\"elementor-element elementor-element-3245f981 elementor-widget elementor-widget-text-editor\" data-id=\"3245f981\" data-element_type=\"widget\" data-e-type=\"widget\" data-widget_type=\"text-editor.default\">\n\t\t\t\t<div class=\"elementor-widget-container\">\n\t\t\t\t\t\t\t\t\t<p>N\u2019h\u00e9sitez pas \u00e0 nous faire part de vos commentaires. Toutes id\u00e9es, commentaires, critiques et suggestions sont les bienvenus.<\/p>\n<p>Nous promettons de r\u00e9pondre \u00e0 votre courriel le plus rapidement possible.<\/p>\n<p>Nous attendons votre courrier !<\/p>\t\t\t\t\t\t\t\t<\/div>\n\t\t\t\t<\/div>\n\t\t\t\t<div class=\"elementor-element elementor-element-ed83a93 elementor-widget elementor-widget-text-editor\" data-id=\"ed83a93\" data-element_type=\"widget\" data-e-type=\"widget\" data-widget_type=\"text-editor.default\">\n\t\t\t\t<div class=\"elementor-widget-container\">\n\t\t\t\t\t\t\t\t\t<div id=\"vfb-form-2\" class=\"visual-form-builder-container\"><form id=\"contact-2\" class=\"visual-form-builder vfb-form-2 \" method=\"post\" enctype=\"multipart\/form-data\">\n\t  \t<input type=\"hidden\" name=\"form_id\" value=\"2\" \/><fieldset class=\"vfb-fieldset vfb-fieldset-1 22 \" id=\"item-vfb-22\">&nbsp;<ul class=\"vfb-section vfb-section-1\"><li class=\"vfb-item vfb-item-text  \" id=\"item-vfb-26\"><label for=\"vfb-26\" class=\"vfb-desc\">Votre nom : <\/label><input type=\"text\" name=\"vfb-26\" id=\"vfb-26\" value=\"\" class=\"vfb-text  vfb-medium   \" \/><\/li><li class=\"vfb-item vfb-item-text  \" id=\"item-vfb-27\"><label for=\"vfb-27\" class=\"vfb-desc\">Votre entreprise :  <span class=\"vfb-required-asterisk\">*<\/span><\/label><input type=\"text\" name=\"vfb-27\" id=\"vfb-27\" value=\"\" class=\"vfb-text  vfb-medium  required  \" \/><\/li><li class=\"vfb-item vfb-item-phone  \" id=\"item-vfb-28\"><label for=\"vfb-28\" class=\"vfb-desc\">T\u00e9l\u00e9phone : <\/label><input type=\"tel\" name=\"vfb-28\" id=\"vfb-28\" value=\"\" class=\"vfb-text  vfb-medium   phone \" \/><\/li><li class=\"vfb-item vfb-item-email  \" id=\"item-vfb-29\"><label for=\"vfb-29\" class=\"vfb-desc\">E-mail :  <span class=\"vfb-required-asterisk\">*<\/span><\/label><input type=\"email\" name=\"vfb-29\" id=\"vfb-29\" value=\"\" class=\"vfb-text  vfb-medium  required  email \" \/><\/li><li class=\"vfb-item vfb-item-url  \" id=\"item-vfb-30\"><label for=\"vfb-30\" class=\"vfb-desc\">Votre site web : <\/label><input type=\"url\" name=\"vfb-30\" id=\"vfb-30\" value=\"\" class=\"vfb-text  vfb-medium   url \" \/><\/li><li class=\"vfb-item vfb-item-radio  \" id=\"item-vfb-42\"><label class=\"vfb-desc\">La filiale : <\/label><div><span class=\"vfb-span\"><input type=\"radio\" name=\"vfb-42\" id=\"vfb-42-1\" value=\"N&#039;importe quelle\" class=\"vfb-radio  \" \/><label for=\"vfb-42-1\" class=\"vfb-choice\">N&rsquo;importe quelle<\/label><\/span><span class=\"vfb-span\"><input type=\"radio\" name=\"vfb-42\" id=\"vfb-42-2\" value=\"Alger\" class=\"vfb-radio  \" \/><label for=\"vfb-42-2\" class=\"vfb-choice\">Alger<\/label><\/span><span class=\"vfb-span\"><input type=\"radio\" name=\"vfb-42\" id=\"vfb-42-3\" value=\"Maroc\" class=\"vfb-radio  \" \/><label for=\"vfb-42-3\" class=\"vfb-choice\">Maroc<\/label><\/span><span class=\"vfb-span\"><input type=\"radio\" name=\"vfb-42\" id=\"vfb-42-4\" value=\"Tunis\" class=\"vfb-radio  \" \/><label for=\"vfb-42-4\" class=\"vfb-choice\">Tunis<\/label><\/span><div style=\"clear:both\"><\/div><\/div><\/li><li class=\"vfb-item vfb-item-textarea  \" id=\"item-vfb-37\"><label for=\"vfb-37\" class=\"vfb-desc\">Votre message : <\/label><div><textarea name=\"vfb-37\" id=\"vfb-37\" class=\"vfb-textarea  vfb-medium  \"><\/textarea><\/div><\/li><\/ul>&nbsp;<\/fieldset><fieldset class=\"vfb-fieldset vfb-fieldset-2 40 \" id=\"item-vfb-40\">&nbsp;<ul class=\"vfb-section vfb-section-2\"><li class=\"vfb-item vfb-item-checkbox  \" id=\"item-vfb-41\"><label class=\"vfb-desc\">Consentement \u00e9clair\u00e9 :  <span class=\"vfb-required-asterisk\">*<\/span><\/label><div><span><label>Pour plus d\u2019information voir notre politique de confidentialit\u00e9 .<\/label><\/span><span class=\"vfb-span\"><input type=\"checkbox\" name=\"vfb-41[]\" id=\"vfb-41-0\" value=\"En utilisant ce formulaire, vous acceptez le stockage et le traitement de vos donn\u00e9es par ce site Web.\" class=\"vfb-checkbox  required \" \/><label for=\"vfb-41-0\" class=\"vfb-choice\">En utilisant ce formulaire, vous acceptez le stockage et le traitement de vos donn\u00e9es par ce site Web.<\/label><\/span><div style=\"clear:both\"><\/div><\/div><\/li><\/ul>&nbsp;<\/fieldset><fieldset class=\"vfb-fieldset vfb-fieldset-3 verification \" id=\"item-vfb-23\" style=\"display:block\"><div class=\"vfb-legend\"><h3>Verification<\/h3><\/div><ul class=\"vfb-section vfb-section-3\"><li class=\"vfb-item vfb-item-secret\"  style=\"display:block\"><label for=\"vfb-24\" class=\"vfb-desc\">Please enter any two digits <span class=\"vfb-required-asterisk\">*<\/span><\/label><input type=\"hidden\" name=\"_vfb-secret\" value=\"vfb-24\" \/><span class=\"vfb-span\"><input type=\"text\" name=\"vfb-24\" id=\"vfb-24\" value=\"\" class=\"vfb-text  vfb-medium  required {digits:true,maxlength:2,minlength:2} \" style=\"display:block\" \/><label>Example: 12<\/label><\/span><li style=\"display:none;\"><label>This box is for spam protection &#8211; &lt;strong&gt;please leave it blank&lt;\/strong&gt;:<\/label><div><input name=\"vfb-spam\" \/><\/div><\/li>\n\t\t\t<li class=\"vfb-item vfb-item-submit\" id=\"item-vfb-25\">\n\t\t\t\t<input type=\"submit\" name=\"vfb-submit\" id=\"vfb-25\" value=\"Submit\" class=\"vfb-submit \" \/>\n\t\t\t\t<\/li><\/ul>\n\t\t\t<\/fieldset><input type=\"hidden\" name=\"_wp_http_referer\" value=\"\/fr\/wp-json\/wp\/v2\/pages\/3442\" \/><\/form><\/div> <!-- .visual-form-builder-container -->\t\t\t\t\t\t\t\t<\/div>\n\t\t\t\t<\/div>\n\t\t\t\t\t<\/div>\n\t\t<\/div>\n\t\t\t\t<div class=\"elementor-column elementor-col-50 elementor-top-column elementor-element elementor-element-4f04383\" data-id=\"4f04383\" data-element_type=\"column\" data-e-type=\"column\">\n\t\t\t<div class=\"elementor-widget-wrap elementor-element-populated\">\n\t\t\t\t\t\t<div class=\"elementor-element elementor-element-22ab3296 elementor-widget elementor-widget-heading\" data-id=\"22ab3296\" data-element_type=\"widget\" data-e-type=\"widget\" data-widget_type=\"heading.default\">\n\t\t\t\t<div class=\"elementor-widget-container\">\n\t\t\t\t\t<h3 class=\"elementor-heading-title elementor-size-default\">Venez nous voir \u00e0 Safi<\/h3>\t\t\t\t<\/div>\n\t\t\t\t<\/div>\n\t\t\t\t<div class=\"elementor-element elementor-element-772372ad elementor-widget elementor-widget-google_maps\" data-id=\"772372ad\" data-element_type=\"widget\" data-e-type=\"widget\" data-widget_type=\"google_maps.default\">\n\t\t\t\t<div class=\"elementor-widget-container\">\n\t\t\t\t\t\t\t<div class=\"elementor-custom-embed\">\n\t\t\t<iframe loading=\"lazy\"\n\t\t\t\t\tsrc=\"https:\/\/maps.google.com\/maps?q=23%2C%20Avenue%20El%20Ourouba%2C%20Safi%2C%20Maroc&#038;t=m&#038;z=15&#038;output=embed&#038;iwloc=near\"\n\t\t\t\t\ttitle=\"23, Avenue El Ourouba, Safi, Maroc\"\n\t\t\t\t\taria-label=\"23, Avenue El Ourouba, Safi, Maroc\"\n\t\t\t><\/iframe>\n\t\t<\/div>\n\t\t\t\t\t\t<\/div>\n\t\t\t\t<\/div>\n\t\t\t\t<div class=\"elementor-element elementor-element-5f5dd3f0 elementor-widget elementor-widget-text-editor\" data-id=\"5f5dd3f0\" data-element_type=\"widget\" data-e-type=\"widget\" data-widget_type=\"text-editor.default\">\n\t\t\t\t<div class=\"elementor-widget-container\">\n\t\t\t\t\t\t\t\t\t<div><p style=\"text-align: center;\"><span style=\"color: #a9170a;\"><b>il\u00e8s Maroc<\/b><\/span><\/p><p style=\"text-align: center;\">23 Avenue El Ourouba<br \/>Imm El Yamani<br \/>46000 Safi<br \/>Maroc<\/p><p style=\"text-align: center;\"><span style=\"color: #a9170a;\"><strong>Appelez-nous<\/strong><br \/><\/span>Tel.: +212 (0)6 75 06 62 41<\/p><p style=\"text-align: center;\"><span style=\"color: #a9170a;\"><strong>EMAIL<\/strong><br \/><\/span><a href=\"mailto:info@iles-maroc.com\">info@iles-maroc.com<\/a><\/p><\/div><div><div>\u00a0<\/div><\/div>\t\t\t\t\t\t\t\t<\/div>\n\t\t\t\t<\/div>\n\t\t\t\t\t<\/div>\n\t\t<\/div>\n\t\t\t\t\t<\/div>\n\t\t<\/section>\n\t\t\t\t<\/div>\n\t\t","protected":false},"excerpt":{"rendered":"<p>\u00c9crivez-nous N\u2019h\u00e9sitez pas \u00e0 nous faire part de vos commentaires. Toutes id\u00e9es, commentaires, critiques et suggestions sont les bienvenus. Nous promettons de r\u00e9pondre \u00e0 votre courriel le plus rapidement possible. Nous attendons votre courrier ! Venez nous voir \u00e0 Safi il\u00e8s Maroc 23 Avenue El OuroubaImm El Yamani46000 SafiMaroc Appelez-nousTel.: +212 (0)6 75 06 62&hellip;<\/p>\n","protected":false},"author":1,"featured_media":0,"parent":0,"menu_order":60,"comment_status":"closed","ping_status":"closed","template":"elementor_header_footer","meta":{"footnotes":""},"class_list":["post-3442","page","type-page","status-publish","hentry"],"yoast_head":"<!-- This site is optimized with the Yoast SEO plugin v27.4 - https:\/\/yoast.com\/product\/yoast-seo-wordpress\/ -->\n<title>Contact Maroc - il\u00e8s Traduction<\/title>\n<meta name=\"robots\" content=\"index, follow, max-snippet:-1, max-image-preview:large, max-video-preview:-1\" \/>\n<link rel=\"canonical\" href=\"https:\/\/ilestranslation.com\/fr\/contact-maroc\/\" \/>\n<meta property=\"og:locale\" content=\"fr_FR\" \/>\n<meta property=\"og:type\" content=\"article\" \/>\n<meta property=\"og:title\" content=\"Contact Maroc - il\u00e8s Traduction\" \/>\n<meta property=\"og:description\" content=\"\u00c9crivez-nous N\u2019h\u00e9sitez pas \u00e0 nous faire part de vos commentaires. Toutes id\u00e9es, commentaires, critiques et suggestions sont les bienvenus. Nous promettons de r\u00e9pondre \u00e0 votre courriel le plus rapidement possible. Nous attendons votre courrier ! Venez nous voir \u00e0 Safi il\u00e8s Maroc 23 Avenue El OuroubaImm El Yamani46000 SafiMaroc Appelez-nousTel.: +212 (0)6 75 06 62&hellip;\" \/>\n<meta property=\"og:url\" content=\"https:\/\/ilestranslation.com\/fr\/contact-maroc\/\" \/>\n<meta property=\"og:site_name\" content=\"il\u00e8s Traduction\" \/>\n<meta property=\"article:publisher\" content=\"https:\/\/web.facebook.com\/ilestunis\/\" \/>\n<meta property=\"article:modified_time\" content=\"2021-09-24T15:11:22+00:00\" \/>\n<meta name=\"twitter:card\" content=\"summary_large_image\" \/>\n<meta name=\"twitter:label1\" content=\"Dur\u00e9e de lecture estim\u00e9e\" \/>\n\t<meta name=\"twitter:data1\" content=\"1 minute\" \/>\n<script type=\"application\/ld+json\" class=\"yoast-schema-graph\">{\"@context\":\"https:\\\/\\\/schema.org\",\"@graph\":[{\"@type\":\"WebPage\",\"@id\":\"https:\\\/\\\/ilestranslation.com\\\/fr\\\/contact-maroc\\\/\",\"url\":\"https:\\\/\\\/ilestranslation.com\\\/fr\\\/contact-maroc\\\/\",\"name\":\"Contact Maroc - il\u00e8s Traduction\",\"isPartOf\":{\"@id\":\"https:\\\/\\\/ilestranslation.com\\\/fr\\\/#website\"},\"datePublished\":\"2021-09-24T15:06:08+00:00\",\"dateModified\":\"2021-09-24T15:11:22+00:00\",\"breadcrumb\":{\"@id\":\"https:\\\/\\\/ilestranslation.com\\\/fr\\\/contact-maroc\\\/#breadcrumb\"},\"inLanguage\":\"fr-FR\",\"potentialAction\":[{\"@type\":\"ReadAction\",\"target\":[\"https:\\\/\\\/ilestranslation.com\\\/fr\\\/contact-maroc\\\/\"]}]},{\"@type\":\"BreadcrumbList\",\"@id\":\"https:\\\/\\\/ilestranslation.com\\\/fr\\\/contact-maroc\\\/#breadcrumb\",\"itemListElement\":[{\"@type\":\"ListItem\",\"position\":1,\"name\":\"Accueil\",\"item\":\"https:\\\/\\\/ilestranslation.com\\\/fr\\\/\"},{\"@type\":\"ListItem\",\"position\":2,\"name\":\"Contact Maroc\"}]},{\"@type\":\"WebSite\",\"@id\":\"https:\\\/\\\/ilestranslation.com\\\/fr\\\/#website\",\"url\":\"https:\\\/\\\/ilestranslation.com\\\/fr\\\/\",\"name\":\"il\u00e8s Tunis (francais)\",\"description\":\"Just another ilestranslation.com Sites site\",\"publisher\":{\"@id\":\"https:\\\/\\\/ilestranslation.com\\\/fr\\\/#organization\"},\"potentialAction\":[{\"@type\":\"SearchAction\",\"target\":{\"@type\":\"EntryPoint\",\"urlTemplate\":\"https:\\\/\\\/ilestranslation.com\\\/fr\\\/?s={search_term_string}\"},\"query-input\":{\"@type\":\"PropertyValueSpecification\",\"valueRequired\":true,\"valueName\":\"search_term_string\"}}],\"inLanguage\":\"fr-FR\"},{\"@type\":\"Organization\",\"@id\":\"https:\\\/\\\/ilestranslation.com\\\/fr\\\/#organization\",\"name\":\"il\u00e8s Tunis\",\"url\":\"https:\\\/\\\/ilestranslation.com\\\/fr\\\/\",\"logo\":{\"@type\":\"ImageObject\",\"inLanguage\":\"fr-FR\",\"@id\":\"https:\\\/\\\/ilestranslation.com\\\/fr\\\/#\\\/schema\\\/logo\\\/image\\\/\",\"url\":\"https:\\\/\\\/ilestranslation.com\\\/fr\\\/wp-content\\\/uploads\\\/sites\\\/7\\\/2018\\\/11\\\/Iles-I-100x34.jpg\",\"contentUrl\":\"https:\\\/\\\/ilestranslation.com\\\/fr\\\/wp-content\\\/uploads\\\/sites\\\/7\\\/2018\\\/11\\\/Iles-I-100x34.jpg\",\"width\":101,\"height\":34,\"caption\":\"il\u00e8s Tunis\"},\"image\":{\"@id\":\"https:\\\/\\\/ilestranslation.com\\\/fr\\\/#\\\/schema\\\/logo\\\/image\\\/\"},\"sameAs\":[\"https:\\\/\\\/web.facebook.com\\\/ilestunis\\\/\",\"https:\\\/\\\/www.linkedin.com\\\/company\\\/ilestunis\\\/\"]}]}<\/script>\n<!-- \/ Yoast SEO plugin. -->","yoast_head_json":{"title":"Contact Maroc - il\u00e8s Traduction","robots":{"index":"index","follow":"follow","max-snippet":"max-snippet:-1","max-image-preview":"max-image-preview:large","max-video-preview":"max-video-preview:-1"},"canonical":"https:\/\/ilestranslation.com\/fr\/contact-maroc\/","og_locale":"fr_FR","og_type":"article","og_title":"Contact Maroc - il\u00e8s Traduction","og_description":"\u00c9crivez-nous N\u2019h\u00e9sitez pas \u00e0 nous faire part de vos commentaires. Toutes id\u00e9es, commentaires, critiques et suggestions sont les bienvenus. Nous promettons de r\u00e9pondre \u00e0 votre courriel le plus rapidement possible. Nous attendons votre courrier ! Venez nous voir \u00e0 Safi il\u00e8s Maroc 23 Avenue El OuroubaImm El Yamani46000 SafiMaroc Appelez-nousTel.: +212 (0)6 75 06 62&hellip;","og_url":"https:\/\/ilestranslation.com\/fr\/contact-maroc\/","og_site_name":"il\u00e8s Traduction","article_publisher":"https:\/\/web.facebook.com\/ilestunis\/","article_modified_time":"2021-09-24T15:11:22+00:00","twitter_card":"summary_large_image","twitter_misc":{"Dur\u00e9e de lecture estim\u00e9e":"1 minute"},"schema":{"@context":"https:\/\/schema.org","@graph":[{"@type":"WebPage","@id":"https:\/\/ilestranslation.com\/fr\/contact-maroc\/","url":"https:\/\/ilestranslation.com\/fr\/contact-maroc\/","name":"Contact Maroc - il\u00e8s Traduction","isPartOf":{"@id":"https:\/\/ilestranslation.com\/fr\/#website"},"datePublished":"2021-09-24T15:06:08+00:00","dateModified":"2021-09-24T15:11:22+00:00","breadcrumb":{"@id":"https:\/\/ilestranslation.com\/fr\/contact-maroc\/#breadcrumb"},"inLanguage":"fr-FR","potentialAction":[{"@type":"ReadAction","target":["https:\/\/ilestranslation.com\/fr\/contact-maroc\/"]}]},{"@type":"BreadcrumbList","@id":"https:\/\/ilestranslation.com\/fr\/contact-maroc\/#breadcrumb","itemListElement":[{"@type":"ListItem","position":1,"name":"Accueil","item":"https:\/\/ilestranslation.com\/fr\/"},{"@type":"ListItem","position":2,"name":"Contact Maroc"}]},{"@type":"WebSite","@id":"https:\/\/ilestranslation.com\/fr\/#website","url":"https:\/\/ilestranslation.com\/fr\/","name":"il\u00e8s Tunis (francais)","description":"Just another ilestranslation.com Sites site","publisher":{"@id":"https:\/\/ilestranslation.com\/fr\/#organization"},"potentialAction":[{"@type":"SearchAction","target":{"@type":"EntryPoint","urlTemplate":"https:\/\/ilestranslation.com\/fr\/?s={search_term_string}"},"query-input":{"@type":"PropertyValueSpecification","valueRequired":true,"valueName":"search_term_string"}}],"inLanguage":"fr-FR"},{"@type":"Organization","@id":"https:\/\/ilestranslation.com\/fr\/#organization","name":"il\u00e8s Tunis","url":"https:\/\/ilestranslation.com\/fr\/","logo":{"@type":"ImageObject","inLanguage":"fr-FR","@id":"https:\/\/ilestranslation.com\/fr\/#\/schema\/logo\/image\/","url":"https:\/\/ilestranslation.com\/fr\/wp-content\/uploads\/sites\/7\/2018\/11\/Iles-I-100x34.jpg","contentUrl":"https:\/\/ilestranslation.com\/fr\/wp-content\/uploads\/sites\/7\/2018\/11\/Iles-I-100x34.jpg","width":101,"height":34,"caption":"il\u00e8s Tunis"},"image":{"@id":"https:\/\/ilestranslation.com\/fr\/#\/schema\/logo\/image\/"},"sameAs":["https:\/\/web.facebook.com\/ilestunis\/","https:\/\/www.linkedin.com\/company\/ilestunis\/"]}]}},"_links":{"self":[{"href":"https:\/\/ilestranslation.com\/fr\/wp-json\/wp\/v2\/pages\/3442","targetHints":{"allow":["GET"]}}],"collection":[{"href":"https:\/\/ilestranslation.com\/fr\/wp-json\/wp\/v2\/pages"}],"about":[{"href":"https:\/\/ilestranslation.com\/fr\/wp-json\/wp\/v2\/types\/page"}],"author":[{"embeddable":true,"href":"https:\/\/ilestranslation.com\/fr\/wp-json\/wp\/v2\/users\/1"}],"replies":[{"embeddable":true,"href":"https:\/\/ilestranslation.com\/fr\/wp-json\/wp\/v2\/comments?post=3442"}],"version-history":[{"count":3,"href":"https:\/\/ilestranslation.com\/fr\/wp-json\/wp\/v2\/pages\/3442\/revisions"}],"predecessor-version":[{"id":3448,"href":"https:\/\/ilestranslation.com\/fr\/wp-json\/wp\/v2\/pages\/3442\/revisions\/3448"}],"wp:attachment":[{"href":"https:\/\/ilestranslation.com\/fr\/wp-json\/wp\/v2\/media?parent=3442"}],"curies":[{"name":"wp","href":"https:\/\/api.w.org\/{rel}","templated":true}]}}