{"id":35,"date":"2015-01-16T17:31:23","date_gmt":"2015-01-16T17:31:23","guid":{"rendered":"http:\/\/blog.languagesmatter.com\/en\/?page_id=35"},"modified":"2020-11-06T18:30:40","modified_gmt":"2020-11-06T18:30:40","slug":"pourquoi-ce-blog","status":"publish","type":"page","link":"https:\/\/ilestranslation.com\/fr\/pourquoi-ce-blog\/","title":{"rendered":"Pourquoi ce blog ?"},"content":{"rendered":"\t\t<div data-elementor-type=\"wp-page\" data-elementor-id=\"35\" class=\"elementor elementor-35\" data-elementor-post-type=\"page\">\n\t\t\t\t\t\t<section class=\"elementor-section elementor-top-section elementor-element elementor-element-e9008f9 elementor-section-boxed elementor-section-height-default elementor-section-height-default\" data-id=\"e9008f9\" data-element_type=\"section\" data-e-type=\"section\">\n\t\t\t\t\t\t<div class=\"elementor-container elementor-column-gap-default\">\n\t\t\t\t\t<div class=\"elementor-column elementor-col-100 elementor-top-column elementor-element elementor-element-e017826\" data-id=\"e017826\" data-element_type=\"column\" data-e-type=\"column\">\n\t\t\t<div class=\"elementor-widget-wrap elementor-element-populated\">\n\t\t\t\t\t\t<section class=\"elementor-section elementor-inner-section elementor-element elementor-element-5e6480a elementor-section-boxed elementor-section-height-default elementor-section-height-default\" data-id=\"5e6480a\" data-element_type=\"section\" data-e-type=\"section\">\n\t\t\t\t\t\t<div class=\"elementor-container elementor-column-gap-default\">\n\t\t\t\t\t<div class=\"elementor-column elementor-col-50 elementor-inner-column elementor-element elementor-element-1d9f174\" data-id=\"1d9f174\" data-element_type=\"column\" data-e-type=\"column\">\n\t\t\t<div class=\"elementor-widget-wrap elementor-element-populated\">\n\t\t\t\t\t\t<div class=\"elementor-element elementor-element-eb6c135 elementor-widget elementor-widget-image\" data-id=\"eb6c135\" data-element_type=\"widget\" data-e-type=\"widget\" data-widget_type=\"image.default\">\n\t\t\t\t<div class=\"elementor-widget-container\">\n\t\t\t\t\t\t\t\t\t\t\t\t\t\t\t<img decoding=\"async\" src=\"https:\/\/ilestranslation.com\/wp-content\/uploads\/2020\/10\/owl-50267_1280-eye-left.jpg\" title=\"\" alt=\"\" loading=\"lazy\" \/>\t\t\t\t\t\t\t\t\t\t\t\t\t\t\t<\/div>\n\t\t\t\t<\/div>\n\t\t\t\t\t<\/div>\n\t\t<\/div>\n\t\t\t\t<div class=\"elementor-column elementor-col-50 elementor-inner-column elementor-element elementor-element-2d42c7b\" data-id=\"2d42c7b\" data-element_type=\"column\" data-e-type=\"column\">\n\t\t\t<div class=\"elementor-widget-wrap elementor-element-populated\">\n\t\t\t\t\t\t<div class=\"elementor-element elementor-element-d8bbcc3 elementor-widget elementor-widget-text-editor\" data-id=\"d8bbcc3\" data-element_type=\"widget\" data-e-type=\"widget\" data-widget_type=\"text-editor.default\">\n\t\t\t\t<div class=\"elementor-widget-container\">\n\t\t\t\t\t\t\t\t\t<p style=\"font-family: Roboto, sans-serif;\">N\u2019y a-t-il pas\u00a0<span style=\"font-weight: bold;\"><em>d\u00e9j\u00e0 assez<\/em><\/span>\u00a0de livres et de sites internet sur l\u2019apprentissage des langues\u00a0?<\/p>\t\t\t\t\t\t\t\t<\/div>\n\t\t\t\t<\/div>\n\t\t\t\t\t<\/div>\n\t\t<\/div>\n\t\t\t\t\t<\/div>\n\t\t<\/section>\n\t\t\t\t<section class=\"elementor-section elementor-inner-section elementor-element elementor-element-1f705bd elementor-section-boxed elementor-section-height-default elementor-section-height-default\" data-id=\"1f705bd\" data-element_type=\"section\" data-e-type=\"section\">\n\t\t\t\t\t\t<div class=\"elementor-container elementor-column-gap-default\">\n\t\t\t\t\t<div class=\"elementor-column elementor-col-50 elementor-inner-column elementor-element elementor-element-9513aca\" data-id=\"9513aca\" data-element_type=\"column\" data-e-type=\"column\">\n\t\t\t<div class=\"elementor-widget-wrap elementor-element-populated\">\n\t\t\t\t\t\t<div class=\"elementor-element elementor-element-e8f16cc elementor-widget elementor-widget-text-editor\" data-id=\"e8f16cc\" data-element_type=\"widget\" data-e-type=\"widget\" data-widget_type=\"text-editor.default\">\n\t\t\t\t<div class=\"elementor-widget-container\">\n\t\t\t\t\t\t\t\t\t<p>Peut-\u00eatre\u2026<\/p><p>Pourtant, plusieurs raisons nous ont pouss\u00e9s \u00e0 mettre en place ce blog\u00a0:<\/p>\t\t\t\t\t\t\t\t<\/div>\n\t\t\t\t<\/div>\n\t\t\t\t\t<\/div>\n\t\t<\/div>\n\t\t\t\t<div class=\"elementor-column elementor-col-50 elementor-inner-column elementor-element elementor-element-99c1bfc\" data-id=\"99c1bfc\" data-element_type=\"column\" data-e-type=\"column\">\n\t\t\t<div class=\"elementor-widget-wrap elementor-element-populated\">\n\t\t\t\t\t\t<div class=\"elementor-element elementor-element-d993ef5 elementor-widget elementor-widget-image\" data-id=\"d993ef5\" data-element_type=\"widget\" data-e-type=\"widget\" data-widget_type=\"image.default\">\n\t\t\t\t<div class=\"elementor-widget-container\">\n\t\t\t\t\t\t\t\t\t\t\t\t\t\t\t<img decoding=\"async\" src=\"https:\/\/ilestranslation.com\/wp-content\/uploads\/2020\/10\/owl-50267_1280-eye-right.jpg\" title=\"\" alt=\"\" loading=\"lazy\" \/>\t\t\t\t\t\t\t\t\t\t\t\t\t\t\t<\/div>\n\t\t\t\t<\/div>\n\t\t\t\t\t<\/div>\n\t\t<\/div>\n\t\t\t\t\t<\/div>\n\t\t<\/section>\n\t\t\t\t<section class=\"elementor-section elementor-inner-section elementor-element elementor-element-fd36697 elementor-section-boxed elementor-section-height-default elementor-section-height-default\" data-id=\"fd36697\" data-element_type=\"section\" data-e-type=\"section\">\n\t\t\t\t\t\t<div class=\"elementor-container elementor-column-gap-default\">\n\t\t\t\t\t<div class=\"elementor-column elementor-col-50 elementor-inner-column elementor-element elementor-element-de67d5f\" data-id=\"de67d5f\" data-element_type=\"column\" data-e-type=\"column\">\n\t\t\t<div class=\"elementor-widget-wrap elementor-element-populated\">\n\t\t\t\t\t\t<div class=\"elementor-element elementor-element-d3fd0be elementor-widget elementor-widget-text-editor\" data-id=\"d3fd0be\" data-element_type=\"widget\" data-e-type=\"widget\" data-widget_type=\"text-editor.default\">\n\t\t\t\t<div class=\"elementor-widget-container\">\n\t\t\t\t\t\t\t\t\t<p style=\"text-align: left;\">Nous r\u00e9sidons dans un\u00a0<span style=\"font-weight: bold;\"><em>pays \u00e9tranger<\/em><\/span>, ainsi que beaucoup de nos amis et connaissances. Nous aimons\u00a0<span style=\"font-weight: bold;\">a<em>pprendre la langue du pays o\u00f9 nous vivons<\/em><\/span>\u00a0et nous impliquer dans la vie des\u00a0<span style=\"font-weight: bold;\"><em>communaut\u00e9s<\/em><\/span>, plut\u00f4t que de ne vivre qu&rsquo;entre expatri\u00e9s. Nous avons v\u00e9cu beaucoup d\u2019exp\u00e9riences in\u00e9dites et nous\u00a0<span style=\"font-weight: bold;\"><em>aimons les partager.<\/em><\/span><\/p>\t\t\t\t\t\t\t\t<\/div>\n\t\t\t\t<\/div>\n\t\t\t\t\t<\/div>\n\t\t<\/div>\n\t\t\t\t<div class=\"elementor-column elementor-col-50 elementor-inner-column elementor-element elementor-element-cd9ca58\" data-id=\"cd9ca58\" data-element_type=\"column\" data-e-type=\"column\">\n\t\t\t<div class=\"elementor-widget-wrap\">\n\t\t\t\t\t\t\t<\/div>\n\t\t<\/div>\n\t\t\t\t\t<\/div>\n\t\t<\/section>\n\t\t\t\t<div class=\"elementor-element elementor-element-6559f6f elementor-widget elementor-widget-image\" data-id=\"6559f6f\" data-element_type=\"widget\" data-e-type=\"widget\" data-widget_type=\"image.default\">\n\t\t\t\t<div class=\"elementor-widget-container\">\n\t\t\t\t\t\t\t\t\t\t\t\t\t\t\t<img decoding=\"async\" src=\"https:\/\/ilestranslation.com\/wp-content\/uploads\/2020\/10\/owl-50267_1280-eye-both.jpeg\" title=\"\" alt=\"\" loading=\"lazy\" \/>\t\t\t\t\t\t\t\t\t\t\t\t\t\t\t<\/div>\n\t\t\t\t<\/div>\n\t\t\t\t<section class=\"elementor-section elementor-inner-section elementor-element elementor-element-88ab504 elementor-section-boxed elementor-section-height-default elementor-section-height-default\" data-id=\"88ab504\" data-element_type=\"section\" data-e-type=\"section\">\n\t\t\t\t\t\t<div class=\"elementor-container elementor-column-gap-default\">\n\t\t\t\t\t<div class=\"elementor-column elementor-col-50 elementor-inner-column elementor-element elementor-element-0e27e1c\" data-id=\"0e27e1c\" data-element_type=\"column\" data-e-type=\"column\">\n\t\t\t<div class=\"elementor-widget-wrap elementor-element-populated\">\n\t\t\t\t\t\t<div class=\"elementor-element elementor-element-d8e718b elementor-widget elementor-widget-text-editor\" data-id=\"d8e718b\" data-element_type=\"widget\" data-e-type=\"widget\" data-widget_type=\"text-editor.default\">\n\t\t\t\t<div class=\"elementor-widget-container\">\n\t\t\t\t\t\t\t\t\t<p>Nous avons envie\u00a0<span style=\"font-weight: bold;\"><em>d&rsquo;\u00e9changer avec vous<\/em>,\u00a0<\/span>de conna\u00eetre<span style=\"font-weight: bold;\">\u00a0<\/span>vos exp\u00e9riences linguistiques et culturelles et ainsi, d&rsquo;apprendre les uns des autres.<\/p><p>\u00a0<\/p>\t\t\t\t\t\t\t\t<\/div>\n\t\t\t\t<\/div>\n\t\t\t\t\t<\/div>\n\t\t<\/div>\n\t\t\t\t<div class=\"elementor-column elementor-col-50 elementor-inner-column elementor-element elementor-element-002d21a\" data-id=\"002d21a\" data-element_type=\"column\" data-e-type=\"column\">\n\t\t\t<div class=\"elementor-widget-wrap elementor-element-populated\">\n\t\t\t\t\t\t<div class=\"elementor-element elementor-element-02eab5b elementor-widget elementor-widget-text-editor\" data-id=\"02eab5b\" data-element_type=\"widget\" data-e-type=\"widget\" data-widget_type=\"text-editor.default\">\n\t\t\t\t<div class=\"elementor-widget-container\">\n\t\t\t\t\t\t\t\t\t<p>Ecrire nos impressions et exp\u00e9riences est souvent un premier pas pour mieux les comprendre. Avec ce blog, nous facilitons le partage pour mieux apprendre et comprendre.<\/p>\t\t\t\t\t\t\t\t<\/div>\n\t\t\t\t<\/div>\n\t\t\t\t\t<\/div>\n\t\t<\/div>\n\t\t\t\t\t<\/div>\n\t\t<\/section>\n\t\t\t\t<div class=\"elementor-element elementor-element-19fd4e3 elementor-widget elementor-widget-text-editor\" data-id=\"19fd4e3\" data-element_type=\"widget\" data-e-type=\"widget\" data-widget_type=\"text-editor.default\">\n\t\t\t\t<div class=\"elementor-widget-container\">\n\t\t\t\t\t\t\t\t\t<p style=\"text-align: center;\"><em>Ulrike, Chris et Arne<\/em><\/p>\t\t\t\t\t\t\t\t<\/div>\n\t\t\t\t<\/div>\n\t\t\t\t<div class=\"elementor-element elementor-element-cfd527a elementor-align-center elementor-widget elementor-widget-button\" data-id=\"cfd527a\" data-element_type=\"widget\" data-e-type=\"widget\" data-widget_type=\"button.default\">\n\t\t\t\t<div class=\"elementor-widget-container\">\n\t\t\t\t\t\t\t\t\t<div class=\"elementor-button-wrapper\">\n\t\t\t\t\t<a class=\"elementor-button elementor-button-link elementor-size-sm\" href=\"https:\/\/ilestranslation.com\/fr\/contact\/\">\n\t\t\t\t\t\t<span class=\"elementor-button-content-wrapper\">\n\t\t\t\t\t\t\t\t\t<span class=\"elementor-button-text\">Des commentaires ?<\/span>\n\t\t\t\t\t<\/span>\n\t\t\t\t\t<\/a>\n\t\t\t\t<\/div>\n\t\t\t\t\t\t\t\t<\/div>\n\t\t\t\t<\/div>\n\t\t\t\t\t<\/div>\n\t\t<\/div>\n\t\t\t\t\t<\/div>\n\t\t<\/section>\n\t\t\t\t<\/div>\n\t\t","protected":false},"excerpt":{"rendered":"<p>N\u2019y a-t-il pas\u00a0d\u00e9j\u00e0 assez\u00a0de livres et de sites internet sur l\u2019apprentissage des langues\u00a0? Peut-\u00eatre\u2026 Pourtant, plusieurs raisons nous ont pouss\u00e9s \u00e0 mettre en place ce blog\u00a0: Nous r\u00e9sidons dans un\u00a0pays \u00e9tranger, ainsi que beaucoup de nos amis et connaissances. Nous aimons\u00a0apprendre la langue du pays o\u00f9 nous vivons\u00a0et nous impliquer dans la vie des\u00a0communaut\u00e9s, plut\u00f4t&hellip;<\/p>\n","protected":false},"author":1,"featured_media":372,"parent":0,"menu_order":0,"comment_status":"closed","ping_status":"closed","template":"","meta":{"footnotes":""},"class_list":["post-35","page","type-page","status-publish","has-post-thumbnail","hentry"],"yoast_head":"<!-- This site is optimized with the Yoast SEO plugin v27.4 - https:\/\/yoast.com\/product\/yoast-seo-wordpress\/ -->\n<title>Pourquoi ce blog ? - il\u00e8s Traduction<\/title>\n<meta name=\"robots\" content=\"index, follow, max-snippet:-1, max-image-preview:large, max-video-preview:-1\" \/>\n<link rel=\"canonical\" href=\"https:\/\/ilestranslation.com\/fr\/pourquoi-ce-blog\/\" \/>\n<meta property=\"og:locale\" content=\"fr_FR\" \/>\n<meta property=\"og:type\" content=\"article\" \/>\n<meta property=\"og:title\" content=\"Pourquoi ce blog ? - il\u00e8s Traduction\" \/>\n<meta property=\"og:description\" content=\"N\u2019y a-t-il pas\u00a0d\u00e9j\u00e0 assez\u00a0de livres et de sites internet sur l\u2019apprentissage des langues\u00a0? Peut-\u00eatre\u2026 Pourtant, plusieurs raisons nous ont pouss\u00e9s \u00e0 mettre en place ce blog\u00a0: Nous r\u00e9sidons dans un\u00a0pays \u00e9tranger, ainsi que beaucoup de nos amis et connaissances. Nous aimons\u00a0apprendre la langue du pays o\u00f9 nous vivons\u00a0et nous impliquer dans la vie des\u00a0communaut\u00e9s, plut\u00f4t&hellip;\" \/>\n<meta property=\"og:url\" content=\"https:\/\/ilestranslation.com\/fr\/pourquoi-ce-blog\/\" \/>\n<meta property=\"og:site_name\" content=\"il\u00e8s Traduction\" \/>\n<meta property=\"article:publisher\" content=\"https:\/\/web.facebook.com\/ilestunis\/\" \/>\n<meta property=\"article:modified_time\" content=\"2020-11-06T18:30:40+00:00\" \/>\n<meta name=\"twitter:card\" content=\"summary_large_image\" \/>\n<meta name=\"twitter:label1\" content=\"Dur\u00e9e de lecture estim\u00e9e\" \/>\n\t<meta name=\"twitter:data1\" content=\"1 minute\" \/>\n<script type=\"application\/ld+json\" class=\"yoast-schema-graph\">{\"@context\":\"https:\\\/\\\/schema.org\",\"@graph\":[{\"@type\":\"WebPage\",\"@id\":\"https:\\\/\\\/ilestranslation.com\\\/fr\\\/pourquoi-ce-blog\\\/\",\"url\":\"https:\\\/\\\/ilestranslation.com\\\/fr\\\/pourquoi-ce-blog\\\/\",\"name\":\"Pourquoi ce blog ? - il\u00e8s Traduction\",\"isPartOf\":{\"@id\":\"https:\\\/\\\/ilestranslation.com\\\/fr\\\/#website\"},\"primaryImageOfPage\":{\"@id\":\"https:\\\/\\\/ilestranslation.com\\\/fr\\\/pourquoi-ce-blog\\\/#primaryimage\"},\"image\":{\"@id\":\"https:\\\/\\\/ilestranslation.com\\\/fr\\\/pourquoi-ce-blog\\\/#primaryimage\"},\"thumbnailUrl\":\"\",\"datePublished\":\"2015-01-16T17:31:23+00:00\",\"dateModified\":\"2020-11-06T18:30:40+00:00\",\"breadcrumb\":{\"@id\":\"https:\\\/\\\/ilestranslation.com\\\/fr\\\/pourquoi-ce-blog\\\/#breadcrumb\"},\"inLanguage\":\"fr-FR\",\"potentialAction\":[{\"@type\":\"ReadAction\",\"target\":[\"https:\\\/\\\/ilestranslation.com\\\/fr\\\/pourquoi-ce-blog\\\/\"]}]},{\"@type\":\"ImageObject\",\"inLanguage\":\"fr-FR\",\"@id\":\"https:\\\/\\\/ilestranslation.com\\\/fr\\\/pourquoi-ce-blog\\\/#primaryimage\",\"url\":\"\",\"contentUrl\":\"\"},{\"@type\":\"BreadcrumbList\",\"@id\":\"https:\\\/\\\/ilestranslation.com\\\/fr\\\/pourquoi-ce-blog\\\/#breadcrumb\",\"itemListElement\":[{\"@type\":\"ListItem\",\"position\":1,\"name\":\"Accueil\",\"item\":\"https:\\\/\\\/ilestranslation.com\\\/fr\\\/\"},{\"@type\":\"ListItem\",\"position\":2,\"name\":\"Pourquoi ce blog ?\"}]},{\"@type\":\"WebSite\",\"@id\":\"https:\\\/\\\/ilestranslation.com\\\/fr\\\/#website\",\"url\":\"https:\\\/\\\/ilestranslation.com\\\/fr\\\/\",\"name\":\"il\u00e8s Tunis (francais)\",\"description\":\"Just another ilestranslation.com Sites site\",\"publisher\":{\"@id\":\"https:\\\/\\\/ilestranslation.com\\\/fr\\\/#organization\"},\"potentialAction\":[{\"@type\":\"SearchAction\",\"target\":{\"@type\":\"EntryPoint\",\"urlTemplate\":\"https:\\\/\\\/ilestranslation.com\\\/fr\\\/?s={search_term_string}\"},\"query-input\":{\"@type\":\"PropertyValueSpecification\",\"valueRequired\":true,\"valueName\":\"search_term_string\"}}],\"inLanguage\":\"fr-FR\"},{\"@type\":\"Organization\",\"@id\":\"https:\\\/\\\/ilestranslation.com\\\/fr\\\/#organization\",\"name\":\"il\u00e8s Tunis\",\"url\":\"https:\\\/\\\/ilestranslation.com\\\/fr\\\/\",\"logo\":{\"@type\":\"ImageObject\",\"inLanguage\":\"fr-FR\",\"@id\":\"https:\\\/\\\/ilestranslation.com\\\/fr\\\/#\\\/schema\\\/logo\\\/image\\\/\",\"url\":\"https:\\\/\\\/ilestranslation.com\\\/fr\\\/wp-content\\\/uploads\\\/sites\\\/7\\\/2018\\\/11\\\/Iles-I-100x34.jpg\",\"contentUrl\":\"https:\\\/\\\/ilestranslation.com\\\/fr\\\/wp-content\\\/uploads\\\/sites\\\/7\\\/2018\\\/11\\\/Iles-I-100x34.jpg\",\"width\":101,\"height\":34,\"caption\":\"il\u00e8s Tunis\"},\"image\":{\"@id\":\"https:\\\/\\\/ilestranslation.com\\\/fr\\\/#\\\/schema\\\/logo\\\/image\\\/\"},\"sameAs\":[\"https:\\\/\\\/web.facebook.com\\\/ilestunis\\\/\",\"https:\\\/\\\/www.linkedin.com\\\/company\\\/ilestunis\\\/\"]}]}<\/script>\n<!-- \/ Yoast SEO plugin. -->","yoast_head_json":{"title":"Pourquoi ce blog ? - il\u00e8s Traduction","robots":{"index":"index","follow":"follow","max-snippet":"max-snippet:-1","max-image-preview":"max-image-preview:large","max-video-preview":"max-video-preview:-1"},"canonical":"https:\/\/ilestranslation.com\/fr\/pourquoi-ce-blog\/","og_locale":"fr_FR","og_type":"article","og_title":"Pourquoi ce blog ? - il\u00e8s Traduction","og_description":"N\u2019y a-t-il pas\u00a0d\u00e9j\u00e0 assez\u00a0de livres et de sites internet sur l\u2019apprentissage des langues\u00a0? Peut-\u00eatre\u2026 Pourtant, plusieurs raisons nous ont pouss\u00e9s \u00e0 mettre en place ce blog\u00a0: Nous r\u00e9sidons dans un\u00a0pays \u00e9tranger, ainsi que beaucoup de nos amis et connaissances. Nous aimons\u00a0apprendre la langue du pays o\u00f9 nous vivons\u00a0et nous impliquer dans la vie des\u00a0communaut\u00e9s, plut\u00f4t&hellip;","og_url":"https:\/\/ilestranslation.com\/fr\/pourquoi-ce-blog\/","og_site_name":"il\u00e8s Traduction","article_publisher":"https:\/\/web.facebook.com\/ilestunis\/","article_modified_time":"2020-11-06T18:30:40+00:00","twitter_card":"summary_large_image","twitter_misc":{"Dur\u00e9e de lecture estim\u00e9e":"1 minute"},"schema":{"@context":"https:\/\/schema.org","@graph":[{"@type":"WebPage","@id":"https:\/\/ilestranslation.com\/fr\/pourquoi-ce-blog\/","url":"https:\/\/ilestranslation.com\/fr\/pourquoi-ce-blog\/","name":"Pourquoi ce blog ? - il\u00e8s Traduction","isPartOf":{"@id":"https:\/\/ilestranslation.com\/fr\/#website"},"primaryImageOfPage":{"@id":"https:\/\/ilestranslation.com\/fr\/pourquoi-ce-blog\/#primaryimage"},"image":{"@id":"https:\/\/ilestranslation.com\/fr\/pourquoi-ce-blog\/#primaryimage"},"thumbnailUrl":"","datePublished":"2015-01-16T17:31:23+00:00","dateModified":"2020-11-06T18:30:40+00:00","breadcrumb":{"@id":"https:\/\/ilestranslation.com\/fr\/pourquoi-ce-blog\/#breadcrumb"},"inLanguage":"fr-FR","potentialAction":[{"@type":"ReadAction","target":["https:\/\/ilestranslation.com\/fr\/pourquoi-ce-blog\/"]}]},{"@type":"ImageObject","inLanguage":"fr-FR","@id":"https:\/\/ilestranslation.com\/fr\/pourquoi-ce-blog\/#primaryimage","url":"","contentUrl":""},{"@type":"BreadcrumbList","@id":"https:\/\/ilestranslation.com\/fr\/pourquoi-ce-blog\/#breadcrumb","itemListElement":[{"@type":"ListItem","position":1,"name":"Accueil","item":"https:\/\/ilestranslation.com\/fr\/"},{"@type":"ListItem","position":2,"name":"Pourquoi ce blog ?"}]},{"@type":"WebSite","@id":"https:\/\/ilestranslation.com\/fr\/#website","url":"https:\/\/ilestranslation.com\/fr\/","name":"il\u00e8s Tunis (francais)","description":"Just another ilestranslation.com Sites site","publisher":{"@id":"https:\/\/ilestranslation.com\/fr\/#organization"},"potentialAction":[{"@type":"SearchAction","target":{"@type":"EntryPoint","urlTemplate":"https:\/\/ilestranslation.com\/fr\/?s={search_term_string}"},"query-input":{"@type":"PropertyValueSpecification","valueRequired":true,"valueName":"search_term_string"}}],"inLanguage":"fr-FR"},{"@type":"Organization","@id":"https:\/\/ilestranslation.com\/fr\/#organization","name":"il\u00e8s Tunis","url":"https:\/\/ilestranslation.com\/fr\/","logo":{"@type":"ImageObject","inLanguage":"fr-FR","@id":"https:\/\/ilestranslation.com\/fr\/#\/schema\/logo\/image\/","url":"https:\/\/ilestranslation.com\/fr\/wp-content\/uploads\/sites\/7\/2018\/11\/Iles-I-100x34.jpg","contentUrl":"https:\/\/ilestranslation.com\/fr\/wp-content\/uploads\/sites\/7\/2018\/11\/Iles-I-100x34.jpg","width":101,"height":34,"caption":"il\u00e8s Tunis"},"image":{"@id":"https:\/\/ilestranslation.com\/fr\/#\/schema\/logo\/image\/"},"sameAs":["https:\/\/web.facebook.com\/ilestunis\/","https:\/\/www.linkedin.com\/company\/ilestunis\/"]}]}},"_links":{"self":[{"href":"https:\/\/ilestranslation.com\/fr\/wp-json\/wp\/v2\/pages\/35","targetHints":{"allow":["GET"]}}],"collection":[{"href":"https:\/\/ilestranslation.com\/fr\/wp-json\/wp\/v2\/pages"}],"about":[{"href":"https:\/\/ilestranslation.com\/fr\/wp-json\/wp\/v2\/types\/page"}],"author":[{"embeddable":true,"href":"https:\/\/ilestranslation.com\/fr\/wp-json\/wp\/v2\/users\/1"}],"replies":[{"embeddable":true,"href":"https:\/\/ilestranslation.com\/fr\/wp-json\/wp\/v2\/comments?post=35"}],"version-history":[{"count":6,"href":"https:\/\/ilestranslation.com\/fr\/wp-json\/wp\/v2\/pages\/35\/revisions"}],"predecessor-version":[{"id":3258,"href":"https:\/\/ilestranslation.com\/fr\/wp-json\/wp\/v2\/pages\/35\/revisions\/3258"}],"wp:featuredmedia":[{"embeddable":true,"href":"https:\/\/ilestranslation.com\/fr\/wp-json\/"}],"wp:attachment":[{"href":"https:\/\/ilestranslation.com\/fr\/wp-json\/wp\/v2\/media?parent=35"}],"curies":[{"name":"wp","href":"https:\/\/api.w.org\/{rel}","templated":true}]}}