{"id":7,"date":"2014-03-18T10:03:13","date_gmt":"2014-03-18T10:03:13","guid":{"rendered":"http:\/\/the7.dream-demo.com\/business\/?page_id=7"},"modified":"2019-05-12T15:41:24","modified_gmt":"2019-05-12T15:41:24","slug":"services","status":"publish","type":"page","link":"https:\/\/ilestranslation.com\/fr\/services\/","title":{"rendered":"Services"},"content":{"rendered":"<p>[vc_row margin_top=\u00a0\u00bb50px\u00a0\u00bb margin_bottom=\u00a0\u00bb50px\u00a0\u00bb css=\u00a0\u00bb.vc_custom_1545315707238{margin-bottom: 50px !important;}\u00a0\u00bb][vc_column width=\u00a0\u00bb1\/2&Prime;]<style type=\"text\/css\" data-type=\"the7_shortcodes-inline-css\">.shortcode-single-image-wrap.shortcode-single-image-55e442eb7396f2209f707f31df3c08a6.enable-bg-rollover .rollover i,\n.shortcode-single-image-wrap.shortcode-single-image-55e442eb7396f2209f707f31df3c08a6.enable-bg-rollover .rollover-video i {\n  background: ;\n  background: -webkit-linear-gradient();\n  background: linear-gradient();\n}\n.shortcode-single-image-wrap.shortcode-single-image-55e442eb7396f2209f707f31df3c08a6 .rollover-icon {\n  font-size: 32px;\n  color: #ffffff;\n  min-width: 44px;\n  min-height: 44px;\n  line-height: 44px;\n  border-radius: 100px;\n  border-style: solid;\n  border-width: 0px;\n}\n.dt-icon-bg-on.shortcode-single-image-wrap.shortcode-single-image-55e442eb7396f2209f707f31df3c08a6 .rollover-icon {\n  background: rgba(255,255,255,0.3);\n  -webkit-box-shadow: none;\n  box-shadow: none;\n}<\/style><div class=\"shortcode-single-image-wrap shortcode-single-image-55e442eb7396f2209f707f31df3c08a6 alignnone enable-bg-rollover dt-icon-bg-off\" style=\"margin-top:0px; margin-bottom:0px; margin-left:0px; margin-right:0px; width:500px;\"><div class=\"shortcode-single-image\"><div class=\"fancy-media-wrap  layzr-bg\" style=\"\"><img fetchpriority=\"high\" decoding=\"async\" class=\"preload-me lazy-load aspect\" src=\"data:image\/svg+xml,%3Csvg%20xmlns%3D&#39;http%3A%2F%2Fwww.w3.org%2F2000%2Fsvg&#39;%20viewBox%3D&#39;0%200%20500%20333&#39;%2F%3E\" data-src=\"https:\/\/ilestranslation.com\/fr\/wp-content\/uploads\/sites\/7\/2018\/06\/sl-event-41-500x333.jpg\" data-srcset=\"https:\/\/ilestranslation.com\/fr\/wp-content\/uploads\/sites\/7\/2018\/06\/sl-event-41-500x333.jpg 500w, https:\/\/ilestranslation.com\/fr\/wp-content\/uploads\/sites\/7\/2018\/06\/sl-event-41-1000x666.jpg 1000w\" loading=\"eager\" sizes=\"(max-width: 500px) 100vw, 500px\" width=\"500\" height=\"333\"  data-dt-location=\"https:\/\/ilestranslation.com\/fr\/services\/sl-event-41\/\" style=\"--ratio: 500 \/ 333;\" alt=\"\" \/><\/div><\/div><\/div>[\/vc_column][vc_column width=\u00a0\u00bb1\/2&Prime;][ultimate_heading main_heading=\u00a0\u00bbUne \u00e9quipe de traduction\u00a0\u00bb main_heading_margin=\u00a0\u00bbmargin-top:15p;margin-bottom:10p;\u00a0\u00bb sub_heading_margin=\u00a0\u00bbmargin-top:30p;margin-bottom:15p;\u00a0\u00bb margin_design_tab_text=\u00a0\u00bb\u00a0\u00bb][\/ultimate_heading][vc_column_text]<\/p>\n<p style=\"text-align: center;\"><span id=\"s2_1\">Depuis 2013, il y a un bureau de traduction \u00e0 Tunis.<\/span><br \/>\n<span id=\"s2_2\">Nous sommes une \u00e9quipe de traducteurs en coop\u00e9ration.<\/span><br \/>\n<span id=\"s2_3\">Nous avons des personnes qui parlent l\u2019arabe, l\u2019anglais, le fran\u00e7ais<br \/>\net l\u2019allemand comme langue maternelle.<\/span><\/p>\n<p>[\/vc_column_text][vc_btn title=\u00a0\u00bbRequest a quote\u00a0\u00bb style=\u00a0\u00bbcustom\u00a0\u00bb custom_background=\u00a0\u00bb#a9170a\u00a0\u00bb custom_text=\u00a0\u00bb#f5f4f3&Prime; align=\u00a0\u00bbcenter\u00a0\u00bb i_icon_fontawesome=\u00a0\u00bbfa fa-foursquare\u00a0\u00bb button_block=\u00a0\u00bbtrue\u00a0\u00bb add_icon=\u00a0\u00bbtrue\u00a0\u00bb link=\u00a0\u00bburl:https%3A%2F%2Filestranslation.com%2Ffr%2Fdemander-un-devis%2F|title:Demander%20un%20devis||\u00a0\u00bb css=\u00a0\u00bb.vc_custom_1552312058052{margin-top: 10px !important;margin-bottom: 10px !important;padding-top: 10px !important;padding-right: 10px !important;padding-bottom: 10px !important;padding-left: 10px !important;}\u00a0\u00bb][\/vc_column][\/vc_row][vc_row full_width=\u00a0\u00bbstretch_row_content_no_spaces\u00a0\u00bb equal_height=\u00a0\u00bbyes\u00a0\u00bb animation=\u00a0\u00bbfadeInLeftBig\u00a0\u00bb css=\u00a0\u00bb.vc_custom_1545308336797{padding-bottom: 30px !important;}\u00a0\u00bb][vc_column css=\u00a0\u00bb.vc_custom_1529671385255{background-position: center !important;background-repeat: no-repeat !important;background-size: cover !important;}\u00a0\u00bb][vc_row_inner css=\u00a0\u00bb.vc_custom_1529671037502{margin-right: 30px !important;margin-left: 30px !important;}\u00a0\u00bb][vc_column_inner width=\u00a0\u00bb1\/4&Prime; css=\u00a0\u00bb.vc_custom_1545243716349{padding-right: 25px !important;padding-bottom: 50px !important;padding-left: 25px !important;}\u00a0\u00bb]<style type=\"text\/css\" data-type=\"the7_shortcodes-inline-css\">.shortcode-single-image-wrap.shortcode-single-image-1358fea122730d2c735766e5cce8e11b.enable-bg-rollover .rollover i,\n.shortcode-single-image-wrap.shortcode-single-image-1358fea122730d2c735766e5cce8e11b.enable-bg-rollover .rollover-video i {\n  background: ;\n  background: -webkit-linear-gradient();\n  background: linear-gradient();\n}\n.shortcode-single-image-wrap.shortcode-single-image-1358fea122730d2c735766e5cce8e11b .rollover-icon {\n  font-size: 32px;\n  color: #ffffff;\n  min-width: 44px;\n  min-height: 44px;\n  line-height: 44px;\n  border-radius: 100px;\n  border-style: solid;\n  border-width: 0px;\n}\n.dt-icon-bg-on.shortcode-single-image-wrap.shortcode-single-image-1358fea122730d2c735766e5cce8e11b .rollover-icon {\n  background: rgba(255,255,255,0.3);\n  -webkit-box-shadow: none;\n  box-shadow: none;\n}<\/style><div class=\"shortcode-single-image-wrap shortcode-single-image-1358fea122730d2c735766e5cce8e11b alignnone enable-bg-rollover dt-icon-bg-off\" ><div class=\"shortcode-single-image\"><div class=\"fancy-media-wrap\" style=\"\"><a href=\"\" class=\" layzr-bg rollover\" style=\"\" aria-label=\"Image\"><img decoding=\"async\" class=\"preload-me lazy-load aspect\" src=\"data:image\/svg+xml,%3Csvg%20xmlns%3D&#39;http%3A%2F%2Fwww.w3.org%2F2000%2Fsvg&#39;%20viewBox%3D&#39;0%200%20600%20400&#39;%2F%3E\" data-src=\"https:\/\/ilestranslation.com\/fr\/wp-content\/uploads\/sites\/7\/2019\/01\/transcript-2654145_1280-600x400.jpg\" data-srcset=\"https:\/\/ilestranslation.com\/fr\/wp-content\/uploads\/sites\/7\/2019\/01\/transcript-2654145_1280-600x400.jpg 600w, https:\/\/ilestranslation.com\/fr\/wp-content\/uploads\/sites\/7\/2019\/01\/transcript-2654145_1280-750x500.jpg 750w\" loading=\"eager\" style=\"--ratio: 600 \/ 400\" sizes=\"(max-width: 600px) 100vw, 600px\" width=\"600\" height=\"400\"  data-dt-location=\"https:\/\/ilestranslation.com\/fr\/transcript-2654145_1280\/\" alt=\"\" \/><\/a><\/div><\/div><\/div>[ultimate_heading main_heading=\u00a0\u00bbTraduction\u00a0\u00bb main_heading_font_size=\u00a0\u00bbdesktop:26px;\u00a0\u00bb main_heading_line_height=\u00a0\u00bbdesktop:36px;\u00a0\u00bb sub_heading_line_height=\u00a0\u00bbdesktop:28px;\u00a0\u00bb sub_heading_margin=\u00a0\u00bbmargin-bottom:20px;\u00a0\u00bb main_heading_margin=\u00a0\u00bbmargin-bottom:5px;\u00a0\u00bb margin_design_tab_text=\u00a0\u00bb\u00a0\u00bb]Les documents, les articles ou des livres de chaque sorte, personellement ou pour les affaires.<br \/>\nNous avons l&rsquo;exp\u00e9rience avec les d\u00e9sirs g\u00e9n\u00e9raux, mais aussi tr\u00e8s sp\u00e9ciaux :<br \/>\nD&rsquo;une traduction d&rsquo;une jusqu&rsquo;\u00e0 deux heures jusqu&rsquo;\u00e0 de projets extr\u00eamement grands sur plusieurs mois, tout est possible.[\/ultimate_heading][\/vc_column_inner][vc_column_inner width=\u00a0\u00bb1\/4&Prime; css=\u00a0\u00bb.vc_custom_1529671530735{padding-right: 25px !important;padding-bottom: 50px !important;padding-left: 25px !important;}\u00a0\u00bb]<style type=\"text\/css\" data-type=\"the7_shortcodes-inline-css\">.shortcode-single-image-wrap.shortcode-single-image-2ce8b65076083089ae6dd3cfb554c3b5.enable-bg-rollover .rollover i,\n.shortcode-single-image-wrap.shortcode-single-image-2ce8b65076083089ae6dd3cfb554c3b5.enable-bg-rollover .rollover-video i {\n  background: ;\n  background: -webkit-linear-gradient();\n  background: linear-gradient();\n}\n.shortcode-single-image-wrap.shortcode-single-image-2ce8b65076083089ae6dd3cfb554c3b5 .rollover-icon {\n  font-size: 32px;\n  color: #ffffff;\n  min-width: 44px;\n  min-height: 44px;\n  line-height: 44px;\n  border-radius: 100px;\n  border-style: solid;\n  border-width: 0px;\n}\n.dt-icon-bg-on.shortcode-single-image-wrap.shortcode-single-image-2ce8b65076083089ae6dd3cfb554c3b5 .rollover-icon {\n  background: rgba(255,255,255,0.3);\n  -webkit-box-shadow: none;\n  box-shadow: none;\n}<\/style><div class=\"shortcode-single-image-wrap shortcode-single-image-2ce8b65076083089ae6dd3cfb554c3b5 alignnone enable-bg-rollover dt-icon-bg-off\" ><div class=\"shortcode-single-image\"><div class=\"fancy-media-wrap\" style=\"\"><a href=\"\" class=\" layzr-bg rollover\" style=\"\" aria-label=\"Image\"><img decoding=\"async\" class=\"preload-me lazy-load aspect\" src=\"data:image\/svg+xml,%3Csvg%20xmlns%3D&#39;http%3A%2F%2Fwww.w3.org%2F2000%2Fsvg&#39;%20viewBox%3D&#39;0%200%20600%20400&#39;%2F%3E\" data-src=\"https:\/\/ilestranslation.com\/fr\/wp-content\/uploads\/sites\/7\/2019\/01\/language-2345801_1280-600x400.jpg\" data-srcset=\"https:\/\/ilestranslation.com\/fr\/wp-content\/uploads\/sites\/7\/2019\/01\/language-2345801_1280-600x400.jpg 600w, https:\/\/ilestranslation.com\/fr\/wp-content\/uploads\/sites\/7\/2019\/01\/language-2345801_1280-750x500.jpg 750w\" loading=\"eager\" style=\"--ratio: 600 \/ 400\" sizes=\"(max-width: 600px) 100vw, 600px\" width=\"600\" height=\"400\"  data-dt-location=\"https:\/\/ilestranslation.com\/fr\/language-2345801_1280\/\" alt=\"\" \/><\/a><\/div><\/div><\/div>[ultimate_heading main_heading=\u00a0\u00bbSp\u00e9cifique\u00a0\u00bb main_heading_font_size=\u00a0\u00bbdesktop:26px;\u00a0\u00bb main_heading_line_height=\u00a0\u00bbdesktop:36px;\u00a0\u00bb sub_heading_line_height=\u00a0\u00bbdesktop:28px;\u00a0\u00bb sub_heading_margin=\u00a0\u00bbmargin-bottom:20px;\u00a0\u00bb main_heading_margin=\u00a0\u00bbmargin-bottom:5px;\u00a0\u00bb]Traduction de textes juridiques, financi\u00e8rs, \u00e9conomiques, techniques, les textes religieux ou aussi culturels.<br \/>\nNous les avions d\u00e9j\u00e0 fait tous.<br \/>\nDites-nous seulement de que vous avez besoin.[\/ultimate_heading][\/vc_column_inner][vc_column_inner width=\u00a0\u00bb1\/4&Prime; css=\u00a0\u00bb.vc_custom_1529671538803{padding-right: 25px !important;padding-bottom: 50px !important;padding-left: 25px !important;}\u00a0\u00bb]<style type=\"text\/css\" data-type=\"the7_shortcodes-inline-css\">.shortcode-single-image-wrap.shortcode-single-image-65aaadf62f3050154df2438f213e1cba.enable-bg-rollover .rollover i,\n.shortcode-single-image-wrap.shortcode-single-image-65aaadf62f3050154df2438f213e1cba.enable-bg-rollover .rollover-video i {\n  background: ;\n  background: -webkit-linear-gradient();\n  background: linear-gradient();\n}\n.shortcode-single-image-wrap.shortcode-single-image-65aaadf62f3050154df2438f213e1cba .rollover-icon {\n  font-size: 32px;\n  color: #ffffff;\n  min-width: 44px;\n  min-height: 44px;\n  line-height: 44px;\n  border-radius: 100px;\n  border-style: solid;\n  border-width: 0px;\n}\n.dt-icon-bg-on.shortcode-single-image-wrap.shortcode-single-image-65aaadf62f3050154df2438f213e1cba .rollover-icon {\n  background: rgba(255,255,255,0.3);\n  -webkit-box-shadow: none;\n  box-shadow: none;\n}<\/style><div class=\"shortcode-single-image-wrap shortcode-single-image-65aaadf62f3050154df2438f213e1cba alignnone enable-bg-rollover dt-icon-bg-off\" ><div class=\"shortcode-single-image\"><div class=\"fancy-media-wrap\" style=\"\"><a href=\"\" class=\" layzr-bg rollover\" style=\"\" aria-label=\"Image\"><img decoding=\"async\" class=\"preload-me lazy-load aspect\" src=\"data:image\/svg+xml,%3Csvg%20xmlns%3D&#39;http%3A%2F%2Fwww.w3.org%2F2000%2Fsvg&#39;%20viewBox%3D&#39;0%200%20600%20400&#39;%2F%3E\" data-src=\"https:\/\/ilestranslation.com\/fr\/wp-content\/uploads\/sites\/7\/2019\/01\/chain-2232278_1280-600x400.jpg\" data-srcset=\"https:\/\/ilestranslation.com\/fr\/wp-content\/uploads\/sites\/7\/2019\/01\/chain-2232278_1280-600x400.jpg 600w, https:\/\/ilestranslation.com\/fr\/wp-content\/uploads\/sites\/7\/2019\/01\/chain-2232278_1280-750x500.jpg 750w\" loading=\"eager\" style=\"--ratio: 600 \/ 400\" sizes=\"(max-width: 600px) 100vw, 600px\" width=\"600\" height=\"400\"  data-dt-location=\"https:\/\/ilestranslation.com\/fr\/chain-2232278_1280\/\" alt=\"\" \/><\/a><\/div><\/div><\/div>[ultimate_heading main_heading=\u00a0\u00bbTranscription\u00a0\u00bb main_heading_font_size=\u00a0\u00bbdesktop:26px;\u00a0\u00bb main_heading_line_height=\u00a0\u00bbdesktop:36px;\u00a0\u00bb sub_heading_line_height=\u00a0\u00bbdesktop:28px;\u00a0\u00bb sub_heading_margin=\u00a0\u00bbmargin-bottom:20px;\u00a0\u00bb main_heading_margin=\u00a0\u00bbmargin-bottom:5px;\u00a0\u00bb]Des textes ou des dialogues arabes, anglais, fran\u00e7ais ou allemands.<\/p>\n<p>Aussi possible : la correction d&rsquo;\u00e9preuve pour le faire bien.[\/ultimate_heading][\/vc_column_inner][vc_column_inner width=\u00a0\u00bb1\/4&Prime; css=\u00a0\u00bb.vc_custom_1529671534698{padding-right: 25px !important;padding-bottom: 50px !important;padding-left: 25px !important;}\u00a0\u00bb]<style type=\"text\/css\" data-type=\"the7_shortcodes-inline-css\">.shortcode-single-image-wrap.shortcode-single-image-7a42db4b5c87d74664a46a81df69926c.enable-bg-rollover .rollover i,\n.shortcode-single-image-wrap.shortcode-single-image-7a42db4b5c87d74664a46a81df69926c.enable-bg-rollover .rollover-video i {\n  background: ;\n  background: -webkit-linear-gradient();\n  background: linear-gradient();\n}\n.shortcode-single-image-wrap.shortcode-single-image-7a42db4b5c87d74664a46a81df69926c .rollover-icon {\n  font-size: 32px;\n  color: #ffffff;\n  min-width: 44px;\n  min-height: 44px;\n  line-height: 44px;\n  border-radius: 100px;\n  border-style: solid;\n  border-width: 0px;\n}\n.dt-icon-bg-on.shortcode-single-image-wrap.shortcode-single-image-7a42db4b5c87d74664a46a81df69926c .rollover-icon {\n  background: rgba(255,255,255,0.3);\n  -webkit-box-shadow: none;\n  box-shadow: none;\n}<\/style><div class=\"shortcode-single-image-wrap shortcode-single-image-7a42db4b5c87d74664a46a81df69926c alignnone enable-bg-rollover dt-icon-bg-off\" ><div class=\"shortcode-single-image\"><div class=\"fancy-media-wrap\" style=\"\"><a href=\"\" class=\" layzr-bg rollover\" style=\"\" aria-label=\"Image\"><img decoding=\"async\" class=\"preload-me lazy-load aspect\" src=\"data:image\/svg+xml,%3Csvg%20xmlns%3D&#39;http%3A%2F%2Fwww.w3.org%2F2000%2Fsvg&#39;%20viewBox%3D&#39;0%200%20600%20400&#39;%2F%3E\" data-src=\"https:\/\/ilestranslation.com\/fr\/wp-content\/uploads\/sites\/7\/2019\/01\/correcting-1870721_1280-600x400.jpg\" data-srcset=\"https:\/\/ilestranslation.com\/fr\/wp-content\/uploads\/sites\/7\/2019\/01\/correcting-1870721_1280-600x400.jpg 600w, https:\/\/ilestranslation.com\/fr\/wp-content\/uploads\/sites\/7\/2019\/01\/correcting-1870721_1280-750x500.jpg 750w\" loading=\"eager\" style=\"--ratio: 600 \/ 400\" sizes=\"(max-width: 600px) 100vw, 600px\" width=\"600\" height=\"400\"  data-dt-location=\"https:\/\/ilestranslation.com\/fr\/correcting-1870721_1280\/\" alt=\"\" \/><\/a><\/div><\/div><\/div>[ultimate_heading main_heading=\u00a0\u00bbSous-titrage\u00a0\u00bb main_heading_font_size=\u00a0\u00bbdesktop:26px;\u00a0\u00bb main_heading_line_height=\u00a0\u00bbdesktop:36px;\u00a0\u00bb sub_heading_line_height=\u00a0\u00bbdesktop:28px;\u00a0\u00bb sub_heading_margin=\u00a0\u00bbmargin-bottom:20px;\u00a0\u00bb main_heading_margin=\u00a0\u00bbmargin-bottom:5px;\u00a0\u00bb]Avec le logiciel Subtitle Edit ou de logiciel connu du bureau.<br \/>\nBeaucoup tenu la bride ou autant d&rsquo;information comme possible.<\/p>\n<p>Tout \u00e0 fait sur le d\u00e9sir![\/ultimate_heading][\/vc_column_inner][\/vc_row_inner][\/vc_column][\/vc_row][vc_row css=\u00a0\u00bb.vc_custom_1529688263758{padding-top: 80px !important;padding-bottom: 80px !important;}\u00a0\u00bb][vc_column parallax=\u00a0\u00bbcontent-moving\u00a0\u00bb offset=\u00a0\u00bbvc_col-lg-offset-0&Prime; css=\u00a0\u00bb.vc_custom_1545228547376{border-radius: 2px !important;}\u00a0\u00bb][\/vc_column][\/vc_row]<\/p>\n","protected":false},"excerpt":{"rendered":"<p>[vc_row margin_top=\u00a0\u00bb50px\u00a0\u00bb margin_bottom=\u00a0\u00bb50px\u00a0\u00bb css=\u00a0\u00bb.vc_custom_1545315707238{margin-bottom: 50px !important;}\u00a0\u00bb][vc_column width=\u00a0\u00bb1\/2&Prime;][\/vc_column][vc_column width=\u00a0\u00bb1\/2&Prime;][ultimate_heading main_heading=\u00a0\u00bbUne \u00e9quipe de traduction\u00a0\u00bb main_heading_margin=\u00a0\u00bbmargin-top:15p;margin-bottom:10p;\u00a0\u00bb sub_heading_margin=\u00a0\u00bbmargin-top:30p;margin-bottom:15p;\u00a0\u00bb margin_design_tab_text=\u00a0\u00bb\u00a0\u00bb][\/ultimate_heading][vc_column_text] Depuis 2013, il y a un bureau de traduction \u00e0 Tunis. Nous sommes une \u00e9quipe de traducteurs en coop\u00e9ration. Nous avons des personnes qui parlent l\u2019arabe, l\u2019anglais, le fran\u00e7ais et l\u2019allemand comme langue maternelle. [\/vc_column_text][vc_btn title=\u00a0\u00bbRequest a quote\u00a0\u00bb style=\u00a0\u00bbcustom\u00a0\u00bb custom_background=\u00a0\u00bb#a9170a\u00a0\u00bb&hellip;<\/p>\n","protected":false},"author":1,"featured_media":0,"parent":0,"menu_order":20,"comment_status":"closed","ping_status":"closed","template":"","meta":{"footnotes":""},"class_list":["post-7","page","type-page","status-publish","hentry","description-off"],"yoast_head":"<!-- This site is optimized with the Yoast SEO plugin v27.2 - https:\/\/yoast.com\/product\/yoast-seo-wordpress\/ -->\n<title>Services - il\u00e8s Traduction<\/title>\n<meta name=\"robots\" content=\"index, follow, max-snippet:-1, max-image-preview:large, max-video-preview:-1\" \/>\n<link rel=\"canonical\" href=\"https:\/\/ilestranslation.com\/fr\/services\/\" \/>\n<meta property=\"og:locale\" content=\"fr_FR\" \/>\n<meta property=\"og:type\" content=\"article\" \/>\n<meta property=\"og:title\" content=\"Services - il\u00e8s Traduction\" \/>\n<meta property=\"og:description\" content=\"[vc_row margin_top=\u00a0\u00bb50px\u00a0\u00bb margin_bottom=\u00a0\u00bb50px\u00a0\u00bb css=\u00a0\u00bb.vc_custom_1545315707238{margin-bottom: 50px !important;}\u00a0\u00bb][vc_column width=\u00a0\u00bb1\/2&Prime;][\/vc_column][vc_column width=\u00a0\u00bb1\/2&Prime;][ultimate_heading main_heading=\u00a0\u00bbUne \u00e9quipe de traduction\u00a0\u00bb main_heading_margin=\u00a0\u00bbmargin-top:15p;margin-bottom:10p;\u00a0\u00bb sub_heading_margin=\u00a0\u00bbmargin-top:30p;margin-bottom:15p;\u00a0\u00bb margin_design_tab_text=\u00a0\u00bb\u00a0\u00bb][\/ultimate_heading][vc_column_text] Depuis 2013, il y a un bureau de traduction \u00e0 Tunis. Nous sommes une \u00e9quipe de traducteurs en coop\u00e9ration. Nous avons des personnes qui parlent l\u2019arabe, l\u2019anglais, le fran\u00e7ais et l\u2019allemand comme langue maternelle. [\/vc_column_text][vc_btn title=\u00a0\u00bbRequest a quote\u00a0\u00bb style=\u00a0\u00bbcustom\u00a0\u00bb custom_background=\u00a0\u00bb#a9170a\u00a0\u00bb&hellip;\" \/>\n<meta property=\"og:url\" content=\"https:\/\/ilestranslation.com\/fr\/services\/\" \/>\n<meta property=\"og:site_name\" content=\"il\u00e8s Traduction\" \/>\n<meta property=\"article:publisher\" content=\"https:\/\/web.facebook.com\/ilestunis\/\" \/>\n<meta property=\"article:modified_time\" content=\"2019-05-12T15:41:24+00:00\" \/>\n<meta name=\"twitter:card\" content=\"summary_large_image\" \/>\n<meta name=\"twitter:label1\" content=\"Dur\u00e9e de lecture estim\u00e9e\" \/>\n\t<meta name=\"twitter:data1\" content=\"3 minutes\" \/>\n<script type=\"application\/ld+json\" class=\"yoast-schema-graph\">{\"@context\":\"https:\/\/schema.org\",\"@graph\":[{\"@type\":\"WebPage\",\"@id\":\"https:\/\/ilestranslation.com\/fr\/services\/\",\"url\":\"https:\/\/ilestranslation.com\/fr\/services\/\",\"name\":\"Services - il\u00e8s Traduction\",\"isPartOf\":{\"@id\":\"https:\/\/ilestranslation.com\/fr\/#website\"},\"datePublished\":\"2014-03-18T10:03:13+00:00\",\"dateModified\":\"2019-05-12T15:41:24+00:00\",\"breadcrumb\":{\"@id\":\"https:\/\/ilestranslation.com\/fr\/services\/#breadcrumb\"},\"inLanguage\":\"fr-FR\",\"potentialAction\":[{\"@type\":\"ReadAction\",\"target\":[\"https:\/\/ilestranslation.com\/fr\/services\/\"]}]},{\"@type\":\"BreadcrumbList\",\"@id\":\"https:\/\/ilestranslation.com\/fr\/services\/#breadcrumb\",\"itemListElement\":[{\"@type\":\"ListItem\",\"position\":1,\"name\":\"Accueil\",\"item\":\"https:\/\/ilestranslation.com\/fr\/\"},{\"@type\":\"ListItem\",\"position\":2,\"name\":\"Services\"}]},{\"@type\":\"WebSite\",\"@id\":\"https:\/\/ilestranslation.com\/fr\/#website\",\"url\":\"https:\/\/ilestranslation.com\/fr\/\",\"name\":\"il\u00e8s Tunis (francais)\",\"description\":\"Just another ilestranslation.com Sites site\",\"publisher\":{\"@id\":\"https:\/\/ilestranslation.com\/fr\/#organization\"},\"potentialAction\":[{\"@type\":\"SearchAction\",\"target\":{\"@type\":\"EntryPoint\",\"urlTemplate\":\"https:\/\/ilestranslation.com\/fr\/?s={search_term_string}\"},\"query-input\":{\"@type\":\"PropertyValueSpecification\",\"valueRequired\":true,\"valueName\":\"search_term_string\"}}],\"inLanguage\":\"fr-FR\"},{\"@type\":\"Organization\",\"@id\":\"https:\/\/ilestranslation.com\/fr\/#organization\",\"name\":\"il\u00e8s Tunis\",\"url\":\"https:\/\/ilestranslation.com\/fr\/\",\"logo\":{\"@type\":\"ImageObject\",\"inLanguage\":\"fr-FR\",\"@id\":\"https:\/\/ilestranslation.com\/fr\/#\/schema\/logo\/image\/\",\"url\":\"https:\/\/ilestranslation.com\/fr\/wp-content\/uploads\/sites\/7\/2018\/11\/Iles-I-100x34.jpg\",\"contentUrl\":\"https:\/\/ilestranslation.com\/fr\/wp-content\/uploads\/sites\/7\/2018\/11\/Iles-I-100x34.jpg\",\"width\":101,\"height\":34,\"caption\":\"il\u00e8s Tunis\"},\"image\":{\"@id\":\"https:\/\/ilestranslation.com\/fr\/#\/schema\/logo\/image\/\"},\"sameAs\":[\"https:\/\/web.facebook.com\/ilestunis\/\",\"https:\/\/www.linkedin.com\/company\/ilestunis\/\"]}]}<\/script>\n<!-- \/ Yoast SEO plugin. -->","yoast_head_json":{"title":"Services - il\u00e8s Traduction","robots":{"index":"index","follow":"follow","max-snippet":"max-snippet:-1","max-image-preview":"max-image-preview:large","max-video-preview":"max-video-preview:-1"},"canonical":"https:\/\/ilestranslation.com\/fr\/services\/","og_locale":"fr_FR","og_type":"article","og_title":"Services - il\u00e8s Traduction","og_description":"[vc_row margin_top=\u00a0\u00bb50px\u00a0\u00bb margin_bottom=\u00a0\u00bb50px\u00a0\u00bb css=\u00a0\u00bb.vc_custom_1545315707238{margin-bottom: 50px !important;}\u00a0\u00bb][vc_column width=\u00a0\u00bb1\/2&Prime;][\/vc_column][vc_column width=\u00a0\u00bb1\/2&Prime;][ultimate_heading main_heading=\u00a0\u00bbUne \u00e9quipe de traduction\u00a0\u00bb main_heading_margin=\u00a0\u00bbmargin-top:15p;margin-bottom:10p;\u00a0\u00bb sub_heading_margin=\u00a0\u00bbmargin-top:30p;margin-bottom:15p;\u00a0\u00bb margin_design_tab_text=\u00a0\u00bb\u00a0\u00bb][\/ultimate_heading][vc_column_text] Depuis 2013, il y a un bureau de traduction \u00e0 Tunis. Nous sommes une \u00e9quipe de traducteurs en coop\u00e9ration. Nous avons des personnes qui parlent l\u2019arabe, l\u2019anglais, le fran\u00e7ais et l\u2019allemand comme langue maternelle. [\/vc_column_text][vc_btn title=\u00a0\u00bbRequest a quote\u00a0\u00bb style=\u00a0\u00bbcustom\u00a0\u00bb custom_background=\u00a0\u00bb#a9170a\u00a0\u00bb&hellip;","og_url":"https:\/\/ilestranslation.com\/fr\/services\/","og_site_name":"il\u00e8s Traduction","article_publisher":"https:\/\/web.facebook.com\/ilestunis\/","article_modified_time":"2019-05-12T15:41:24+00:00","twitter_card":"summary_large_image","twitter_misc":{"Dur\u00e9e de lecture estim\u00e9e":"3 minutes"},"schema":{"@context":"https:\/\/schema.org","@graph":[{"@type":"WebPage","@id":"https:\/\/ilestranslation.com\/fr\/services\/","url":"https:\/\/ilestranslation.com\/fr\/services\/","name":"Services - il\u00e8s Traduction","isPartOf":{"@id":"https:\/\/ilestranslation.com\/fr\/#website"},"datePublished":"2014-03-18T10:03:13+00:00","dateModified":"2019-05-12T15:41:24+00:00","breadcrumb":{"@id":"https:\/\/ilestranslation.com\/fr\/services\/#breadcrumb"},"inLanguage":"fr-FR","potentialAction":[{"@type":"ReadAction","target":["https:\/\/ilestranslation.com\/fr\/services\/"]}]},{"@type":"BreadcrumbList","@id":"https:\/\/ilestranslation.com\/fr\/services\/#breadcrumb","itemListElement":[{"@type":"ListItem","position":1,"name":"Accueil","item":"https:\/\/ilestranslation.com\/fr\/"},{"@type":"ListItem","position":2,"name":"Services"}]},{"@type":"WebSite","@id":"https:\/\/ilestranslation.com\/fr\/#website","url":"https:\/\/ilestranslation.com\/fr\/","name":"il\u00e8s Tunis (francais)","description":"Just another ilestranslation.com Sites site","publisher":{"@id":"https:\/\/ilestranslation.com\/fr\/#organization"},"potentialAction":[{"@type":"SearchAction","target":{"@type":"EntryPoint","urlTemplate":"https:\/\/ilestranslation.com\/fr\/?s={search_term_string}"},"query-input":{"@type":"PropertyValueSpecification","valueRequired":true,"valueName":"search_term_string"}}],"inLanguage":"fr-FR"},{"@type":"Organization","@id":"https:\/\/ilestranslation.com\/fr\/#organization","name":"il\u00e8s Tunis","url":"https:\/\/ilestranslation.com\/fr\/","logo":{"@type":"ImageObject","inLanguage":"fr-FR","@id":"https:\/\/ilestranslation.com\/fr\/#\/schema\/logo\/image\/","url":"https:\/\/ilestranslation.com\/fr\/wp-content\/uploads\/sites\/7\/2018\/11\/Iles-I-100x34.jpg","contentUrl":"https:\/\/ilestranslation.com\/fr\/wp-content\/uploads\/sites\/7\/2018\/11\/Iles-I-100x34.jpg","width":101,"height":34,"caption":"il\u00e8s Tunis"},"image":{"@id":"https:\/\/ilestranslation.com\/fr\/#\/schema\/logo\/image\/"},"sameAs":["https:\/\/web.facebook.com\/ilestunis\/","https:\/\/www.linkedin.com\/company\/ilestunis\/"]}]}},"_links":{"self":[{"href":"https:\/\/ilestranslation.com\/fr\/wp-json\/wp\/v2\/pages\/7","targetHints":{"allow":["GET"]}}],"collection":[{"href":"https:\/\/ilestranslation.com\/fr\/wp-json\/wp\/v2\/pages"}],"about":[{"href":"https:\/\/ilestranslation.com\/fr\/wp-json\/wp\/v2\/types\/page"}],"author":[{"embeddable":true,"href":"https:\/\/ilestranslation.com\/fr\/wp-json\/wp\/v2\/users\/1"}],"replies":[{"embeddable":true,"href":"https:\/\/ilestranslation.com\/fr\/wp-json\/wp\/v2\/comments?post=7"}],"version-history":[{"count":4,"href":"https:\/\/ilestranslation.com\/fr\/wp-json\/wp\/v2\/pages\/7\/revisions"}],"predecessor-version":[{"id":3016,"href":"https:\/\/ilestranslation.com\/fr\/wp-json\/wp\/v2\/pages\/7\/revisions\/3016"}],"wp:attachment":[{"href":"https:\/\/ilestranslation.com\/fr\/wp-json\/wp\/v2\/media?parent=7"}],"curies":[{"name":"wp","href":"https:\/\/api.w.org\/{rel}","templated":true}]}}